{"id":5046,"date":"2021-03-23T06:27:39","date_gmt":"2021-03-23T13:27:39","guid":{"rendered":"https:\/\/trumpetlegacy.com\/area-de-miembros\/"},"modified":"2021-07-23T09:43:31","modified_gmt":"2021-07-23T16:43:31","slug":"area-de-miembros","status":"publish","type":"page","link":"https:\/\/www.trumpetlegacy.com\/es\/area-de-miembros\/","title":{"rendered":"\u00c1rea de miembros"},"content":{"rendered":"<p><div class=\"fusion-fullwidth fullwidth-box fusion-builder-row-1 fusion-flex-container nonhundred-percent-fullwidth non-hundred-percent-height-scrolling\" style=\"--awb-border-radius-top-left:0px;--awb-border-radius-top-right:0px;--awb-border-radius-bottom-right:0px;--awb-border-radius-bottom-left:0px;--awb-flex-wrap:wrap;\" ><div class=\"fusion-builder-row fusion-row fusion-flex-align-items-flex-start fusion-flex-content-wrap\" style=\"max-width:1216.8px;margin-left: calc(-4% \/ 2 );margin-right: calc(-4% \/ 2 );\"><div class=\"fusion-layout-column fusion_builder_column fusion-builder-column-0 fusion_builder_column_1_6 1_6 fusion-flex-column\" style=\"--awb-bg-size:cover;--awb-width-large:16.666666666667%;--awb-margin-top-large:0px;--awb-spacing-right-large:11.52%;--awb-margin-bottom-large:20px;--awb-spacing-left-large:11.52%;--awb-width-medium:100%;--awb-order-medium:0;--awb-spacing-right-medium:1.92%;--awb-spacing-left-medium:1.92%;--awb-width-small:100%;--awb-order-small:0;--awb-spacing-right-small:1.92%;--awb-spacing-left-small:1.92%;\"><div class=\"fusion-column-wrapper fusion-column-has-shadow fusion-flex-justify-content-flex-start fusion-content-layout-column\"><\/div><\/div><div class=\"fusion-layout-column fusion_builder_column fusion-builder-column-1 fusion_builder_column_2_3 2_3 fusion-flex-column\" style=\"--awb-bg-size:cover;--awb-width-large:66.666666666667%;--awb-margin-top-large:0px;--awb-spacing-right-large:2.88%;--awb-margin-bottom-large:20px;--awb-spacing-left-large:2.88%;--awb-width-medium:100%;--awb-order-medium:0;--awb-spacing-right-medium:1.92%;--awb-spacing-left-medium:1.92%;--awb-width-small:100%;--awb-order-small:0;--awb-spacing-right-small:1.92%;--awb-spacing-left-small:1.92%;\"><div class=\"fusion-column-wrapper fusion-column-has-shadow fusion-flex-justify-content-flex-start fusion-content-layout-column\"><div class=\"fusion-title title fusion-title-1 fusion-title-center fusion-title-text fusion-title-size-one\"><div class=\"title-sep-container title-sep-container-left\"><div class=\"title-sep sep- sep-solid\" style=\"border-color:#e0dede;\"><\/div><\/div><span class=\"awb-title-spacer\"><\/span><h1 class=\"fusion-title-heading title-heading-center fusion-responsive-typography-calculated\" style=\"margin:0;--fontSize:60;line-height:1.17;\">\u00c1rea de miembros<\/h1><span class=\"awb-title-spacer\"><\/span><div class=\"title-sep-container title-sep-container-right\"><div class=\"title-sep sep- sep-solid\" style=\"border-color:#e0dede;\"><\/div><\/div><\/div><div class=\"fusion-text fusion-text-1\"><p>Bienvenido al \u00c1rea de Miembros de trumpetlegacy.com &#8211; donde tenemos contenido instructivo s\u00f3lo para miembros para el exclusivo Sistema de Entrenamiento de Compresi\u00f3n.<\/p>\n<\/div><\/div><\/div><div class=\"fusion-layout-column fusion_builder_column fusion-builder-column-2 fusion_builder_column_1_6 1_6 fusion-flex-column\" style=\"--awb-bg-size:cover;--awb-width-large:16.666666666667%;--awb-margin-top-large:0px;--awb-spacing-right-large:11.52%;--awb-margin-bottom-large:20px;--awb-spacing-left-large:11.52%;--awb-width-medium:100%;--awb-order-medium:0;--awb-spacing-right-medium:1.92%;--awb-spacing-left-medium:1.92%;--awb-width-small:100%;--awb-order-small:0;--awb-spacing-right-small:1.92%;--awb-spacing-left-small:1.92%;\"><div class=\"fusion-column-wrapper fusion-column-has-shadow fusion-flex-justify-content-flex-start fusion-content-layout-column\"><\/div><\/div><\/div><\/div><div class=\"fusion-fullwidth fullwidth-box fusion-builder-row-2 fusion-flex-container nonhundred-percent-fullwidth non-hundred-percent-height-scrolling\" style=\"--awb-border-radius-top-left:0px;--awb-border-radius-top-right:0px;--awb-border-radius-bottom-right:0px;--awb-border-radius-bottom-left:0px;--awb-flex-wrap:wrap;\" ><div class=\"fusion-builder-row fusion-row fusion-flex-align-items-flex-start fusion-flex-content-wrap\" style=\"max-width:1216.8px;margin-left: calc(-4% \/ 2 );margin-right: calc(-4% \/ 2 );\"><div class=\"fusion-layout-column fusion_builder_column fusion-builder-column-3 fusion_builder_column_1_6 1_6 fusion-flex-column\" style=\"--awb-bg-size:cover;--awb-width-large:16.666666666667%;--awb-margin-top-large:0px;--awb-spacing-right-large:11.52%;--awb-margin-bottom-large:20px;--awb-spacing-left-large:11.52%;--awb-width-medium:100%;--awb-order-medium:0;--awb-spacing-right-medium:1.92%;--awb-spacing-left-medium:1.92%;--awb-width-small:100%;--awb-order-small:0;--awb-spacing-right-small:1.92%;--awb-spacing-left-small:1.92%;\"><div class=\"fusion-column-wrapper fusion-column-has-shadow fusion-flex-justify-content-flex-start fusion-content-layout-column\"><\/div><\/div><div class=\"fusion-layout-column fusion_builder_column fusion-builder-column-4 fusion_builder_column_2_3 2_3 fusion-flex-column\" style=\"--awb-bg-size:cover;--awb-width-large:66.666666666667%;--awb-margin-top-large:0px;--awb-spacing-right-large:2.88%;--awb-margin-bottom-large:20px;--awb-spacing-left-large:2.88%;--awb-width-medium:100%;--awb-order-medium:0;--awb-spacing-right-medium:1.92%;--awb-spacing-left-medium:1.92%;--awb-width-small:100%;--awb-order-small:0;--awb-spacing-right-small:1.92%;--awb-spacing-left-small:1.92%;\"><div class=\"fusion-column-wrapper fusion-column-has-shadow fusion-flex-justify-content-flex-start fusion-content-layout-column\"><div class=\"fusion-text fusion-text-2\"><p>Congratulations! You&#8217;re already logged in &#8211; click the button below to view the Members Area.<\/p>\n<\/div><\/div><\/div><div class=\"fusion-layout-column fusion_builder_column fusion-builder-column-5 fusion_builder_column_1_6 1_6 fusion-flex-column\" style=\"--awb-bg-size:cover;--awb-width-large:16.666666666667%;--awb-margin-top-large:0px;--awb-spacing-right-large:11.52%;--awb-margin-bottom-large:20px;--awb-spacing-left-large:11.52%;--awb-width-medium:100%;--awb-order-medium:0;--awb-spacing-right-medium:1.92%;--awb-spacing-left-medium:1.92%;--awb-width-small:100%;--awb-order-small:0;--awb-spacing-right-small:1.92%;--awb-spacing-left-small:1.92%;\"><div class=\"fusion-column-wrapper fusion-column-has-shadow fusion-flex-justify-content-flex-start fusion-content-layout-column\"><\/div><\/div><div class=\"fusion-layout-column fusion_builder_column fusion-builder-column-6 fusion_builder_column_1_3 1_3 fusion-flex-column\" style=\"--awb-bg-size:cover;--awb-width-large:33.333333333333%;--awb-margin-top-large:0px;--awb-spacing-right-large:5.76%;--awb-margin-bottom-large:20px;--awb-spacing-left-large:5.76%;--awb-width-medium:100%;--awb-order-medium:0;--awb-spacing-right-medium:1.92%;--awb-spacing-left-medium:1.92%;--awb-width-small:100%;--awb-order-small:0;--awb-spacing-right-small:1.92%;--awb-spacing-left-small:1.92%;\"><div class=\"fusion-column-wrapper fusion-column-has-shadow fusion-flex-justify-content-flex-start fusion-content-layout-column\"><\/div><\/div><div class=\"fusion-layout-column fusion_builder_column fusion-builder-column-7 fusion_builder_column_1_3 1_3 fusion-flex-column\" style=\"--awb-bg-size:cover;--awb-width-large:33.333333333333%;--awb-margin-top-large:0px;--awb-spacing-right-large:5.76%;--awb-margin-bottom-large:20px;--awb-spacing-left-large:5.76%;--awb-width-medium:100%;--awb-order-medium:0;--awb-spacing-right-medium:1.92%;--awb-spacing-left-medium:1.92%;--awb-width-small:100%;--awb-order-small:0;--awb-spacing-right-small:1.92%;--awb-spacing-left-small:1.92%;\"><div class=\"fusion-column-wrapper fusion-column-has-shadow fusion-flex-justify-content-flex-start fusion-content-layout-column\"><div ><a class=\"fusion-button button-flat fusion-button-default-size button-default fusion-button-default button-1 fusion-button-default-span fusion-button-default-type\" style=\"width:calc(100%);\" target=\"_self\" href=\"https:\/\/www.trumpetlegacy.com\/es\/area-de-miembros\/video-y-libro-electronico-del-sistema-de-formacion-en-compresion\/\"><span class=\"fusion-button-text\">Vea el v\u00eddeo y el libro electr\u00f3nico ahora<\/span><\/a><\/div><\/div><\/div><div class=\"fusion-layout-column fusion_builder_column fusion-builder-column-8 fusion_builder_column_1_3 1_3 fusion-flex-column\" style=\"--awb-bg-size:cover;--awb-width-large:33.333333333333%;--awb-margin-top-large:0px;--awb-spacing-right-large:5.76%;--awb-margin-bottom-large:20px;--awb-spacing-left-large:5.76%;--awb-width-medium:100%;--awb-order-medium:0;--awb-spacing-right-medium:1.92%;--awb-spacing-left-medium:1.92%;--awb-width-small:100%;--awb-order-small:0;--awb-spacing-right-small:1.92%;--awb-spacing-left-small:1.92%;\"><div class=\"fusion-column-wrapper fusion-column-has-shadow fusion-flex-justify-content-flex-start fusion-content-layout-column\"><\/div><\/div><\/div><\/div><\/p>\n","protected":false},"excerpt":{"rendered":"","protected":false},"author":1,"featured_media":0,"parent":0,"menu_order":0,"comment_status":"closed","ping_status":"closed","template":"","meta":{"footnotes":""},"yoast_head":"<!-- This site is optimized with the Yoast SEO Premium plugin v18.6 (Yoast SEO v22.1) - https:\/\/yoast.com\/wordpress\/plugins\/seo\/ -->\n<title>\u00c1rea de miembros - Trumpet Legacy<\/title>\n<meta name=\"robots\" content=\"index, follow, max-snippet:-1, max-image-preview:large, max-video-preview:-1\" \/>\n<link rel=\"canonical\" href=\"https:\/\/www.trumpetlegacy.com\/es\/area-de-miembros\/\" \/>\n<meta property=\"og:locale\" content=\"es_ES\" \/>\n<meta property=\"og:type\" content=\"article\" \/>\n<meta property=\"og:title\" content=\"\u00c1rea de miembros\" \/>\n<meta property=\"og:url\" content=\"https:\/\/www.trumpetlegacy.com\/es\/area-de-miembros\/\" \/>\n<meta property=\"og:site_name\" content=\"Trumpet Legacy\" \/>\n<meta property=\"article:publisher\" content=\"https:\/\/www.facebook.com\/larry.meregillano\" \/>\n<meta property=\"article:modified_time\" content=\"2021-07-23T16:43:31+00:00\" \/>\n<meta property=\"og:image\" content=\"https:\/\/www.trumpetlegacy.com\/wp-content\/uploads\/2021\/09\/CTS-Facebook-Image-1.png\" \/>\n\t<meta property=\"og:image:width\" content=\"3822\" \/>\n\t<meta property=\"og:image:height\" content=\"2000\" \/>\n\t<meta property=\"og:image:type\" content=\"image\/png\" \/>\n<meta name=\"twitter:card\" content=\"summary_large_image\" \/>\n<meta name=\"twitter:label1\" content=\"Tiempo de lectura\" \/>\n\t<meta name=\"twitter:data1\" content=\"26 minutos\" \/>\n<script type=\"application\/ld+json\" class=\"yoast-schema-graph\">{\"@context\":\"https:\/\/schema.org\",\"@graph\":[{\"@type\":\"WebPage\",\"@id\":\"https:\/\/www.trumpetlegacy.com\/es\/area-de-miembros\/\",\"url\":\"https:\/\/www.trumpetlegacy.com\/es\/area-de-miembros\/\",\"name\":\"\u00c1rea de miembros - Trumpet Legacy\",\"isPartOf\":{\"@id\":\"https:\/\/www.trumpetlegacy.com\/fr\/#website\"},\"datePublished\":\"2021-03-23T13:27:39+00:00\",\"dateModified\":\"2021-07-23T16:43:31+00:00\",\"breadcrumb\":{\"@id\":\"https:\/\/www.trumpetlegacy.com\/es\/area-de-miembros\/#breadcrumb\"},\"inLanguage\":\"es\",\"potentialAction\":[{\"@type\":\"ReadAction\",\"target\":[\"https:\/\/www.trumpetlegacy.com\/es\/area-de-miembros\/\"]}]},{\"@type\":\"BreadcrumbList\",\"@id\":\"https:\/\/www.trumpetlegacy.com\/es\/area-de-miembros\/#breadcrumb\",\"itemListElement\":[{\"@type\":\"ListItem\",\"position\":1,\"name\":\"Home\",\"item\":\"https:\/\/www.trumpetlegacy.com\/es\/sistema-de-entrenamiento-por-compresion-para-instrumentos-de-viento-metal-y-madera\/\"},{\"@type\":\"ListItem\",\"position\":2,\"name\":\"\u00c1rea de miembros\"}]},{\"@type\":\"WebSite\",\"@id\":\"https:\/\/www.trumpetlegacy.com\/fr\/#website\",\"url\":\"https:\/\/www.trumpetlegacy.com\/fr\/\",\"name\":\"Trumpet Legacy\",\"description\":\"Trumpet Compression Training System, Books, Clinics, and Private Lessons\",\"publisher\":{\"@id\":\"https:\/\/www.trumpetlegacy.com\/fr\/#organization\"},\"potentialAction\":[{\"@type\":\"SearchAction\",\"target\":{\"@type\":\"EntryPoint\",\"urlTemplate\":\"https:\/\/www.trumpetlegacy.com\/fr\/?s={search_term_string}\"},\"query-input\":\"required name=search_term_string\"}],\"inLanguage\":\"es\"},{\"@type\":\"Organization\",\"@id\":\"https:\/\/www.trumpetlegacy.com\/fr\/#organization\",\"name\":\"Larry Meregillano \u2013 A Trumpet Legacy LLC\",\"url\":\"https:\/\/www.trumpetlegacy.com\/fr\/\",\"logo\":{\"@type\":\"ImageObject\",\"inLanguage\":\"es\",\"@id\":\"https:\/\/www.trumpetlegacy.com\/fr\/#\/schema\/logo\/image\/\",\"url\":\"https:\/\/www.trumpetlegacy.com\/wp-content\/uploads\/2021\/04\/Stamp-Logo-BW-300x300-1.png\",\"contentUrl\":\"https:\/\/www.trumpetlegacy.com\/wp-content\/uploads\/2021\/04\/Stamp-Logo-BW-300x300-1.png\",\"width\":300,\"height\":300,\"caption\":\"Larry Meregillano \u2013 A Trumpet Legacy LLC\"},\"image\":{\"@id\":\"https:\/\/www.trumpetlegacy.com\/fr\/#\/schema\/logo\/image\/\"},\"sameAs\":[\"https:\/\/www.facebook.com\/larry.meregillano\",\"https:\/\/www.youtube.com\/user\/LarryMeregillano\"]}]}<\/script>\n<!-- \/ Yoast SEO Premium plugin. -->","yoast_head_json":{"title":"\u00c1rea de miembros - Trumpet Legacy","robots":{"index":"index","follow":"follow","max-snippet":"max-snippet:-1","max-image-preview":"max-image-preview:large","max-video-preview":"max-video-preview:-1"},"canonical":"https:\/\/www.trumpetlegacy.com\/es\/area-de-miembros\/","og_locale":"es_ES","og_type":"article","og_title":"\u00c1rea de miembros","og_url":"https:\/\/www.trumpetlegacy.com\/es\/area-de-miembros\/","og_site_name":"Trumpet Legacy","article_publisher":"https:\/\/www.facebook.com\/larry.meregillano","article_modified_time":"2021-07-23T16:43:31+00:00","og_image":[{"width":3822,"height":2000,"url":"https:\/\/www.trumpetlegacy.com\/wp-content\/uploads\/2021\/09\/CTS-Facebook-Image-1.png","type":"image\/png"}],"twitter_card":"summary_large_image","twitter_misc":{"Tiempo de lectura":"26 minutos"},"schema":{"@context":"https:\/\/schema.org","@graph":[{"@type":"WebPage","@id":"https:\/\/www.trumpetlegacy.com\/es\/area-de-miembros\/","url":"https:\/\/www.trumpetlegacy.com\/es\/area-de-miembros\/","name":"\u00c1rea de miembros - Trumpet Legacy","isPartOf":{"@id":"https:\/\/www.trumpetlegacy.com\/fr\/#website"},"datePublished":"2021-03-23T13:27:39+00:00","dateModified":"2021-07-23T16:43:31+00:00","breadcrumb":{"@id":"https:\/\/www.trumpetlegacy.com\/es\/area-de-miembros\/#breadcrumb"},"inLanguage":"es","potentialAction":[{"@type":"ReadAction","target":["https:\/\/www.trumpetlegacy.com\/es\/area-de-miembros\/"]}]},{"@type":"BreadcrumbList","@id":"https:\/\/www.trumpetlegacy.com\/es\/area-de-miembros\/#breadcrumb","itemListElement":[{"@type":"ListItem","position":1,"name":"Home","item":"https:\/\/www.trumpetlegacy.com\/es\/sistema-de-entrenamiento-por-compresion-para-instrumentos-de-viento-metal-y-madera\/"},{"@type":"ListItem","position":2,"name":"\u00c1rea de miembros"}]},{"@type":"WebSite","@id":"https:\/\/www.trumpetlegacy.com\/fr\/#website","url":"https:\/\/www.trumpetlegacy.com\/fr\/","name":"Trumpet Legacy","description":"Trumpet Compression Training System, Books, Clinics, and Private Lessons","publisher":{"@id":"https:\/\/www.trumpetlegacy.com\/fr\/#organization"},"potentialAction":[{"@type":"SearchAction","target":{"@type":"EntryPoint","urlTemplate":"https:\/\/www.trumpetlegacy.com\/fr\/?s={search_term_string}"},"query-input":"required name=search_term_string"}],"inLanguage":"es"},{"@type":"Organization","@id":"https:\/\/www.trumpetlegacy.com\/fr\/#organization","name":"Larry Meregillano \u2013 A Trumpet Legacy LLC","url":"https:\/\/www.trumpetlegacy.com\/fr\/","logo":{"@type":"ImageObject","inLanguage":"es","@id":"https:\/\/www.trumpetlegacy.com\/fr\/#\/schema\/logo\/image\/","url":"https:\/\/www.trumpetlegacy.com\/wp-content\/uploads\/2021\/04\/Stamp-Logo-BW-300x300-1.png","contentUrl":"https:\/\/www.trumpetlegacy.com\/wp-content\/uploads\/2021\/04\/Stamp-Logo-BW-300x300-1.png","width":300,"height":300,"caption":"Larry Meregillano \u2013 A Trumpet Legacy LLC"},"image":{"@id":"https:\/\/www.trumpetlegacy.com\/fr\/#\/schema\/logo\/image\/"},"sameAs":["https:\/\/www.facebook.com\/larry.meregillano","https:\/\/www.youtube.com\/user\/LarryMeregillano"]}]}},"jetpack_sharing_enabled":true,"_links":{"self":[{"href":"https:\/\/www.trumpetlegacy.com\/es\/wp-json\/wp\/v2\/pages\/5046"}],"collection":[{"href":"https:\/\/www.trumpetlegacy.com\/es\/wp-json\/wp\/v2\/pages"}],"about":[{"href":"https:\/\/www.trumpetlegacy.com\/es\/wp-json\/wp\/v2\/types\/page"}],"author":[{"embeddable":true,"href":"https:\/\/www.trumpetlegacy.com\/es\/wp-json\/wp\/v2\/users\/1"}],"replies":[{"embeddable":true,"href":"https:\/\/www.trumpetlegacy.com\/es\/wp-json\/wp\/v2\/comments?post=5046"}],"version-history":[{"count":0,"href":"https:\/\/www.trumpetlegacy.com\/es\/wp-json\/wp\/v2\/pages\/5046\/revisions"}],"wp:attachment":[{"href":"https:\/\/www.trumpetlegacy.com\/es\/wp-json\/wp\/v2\/media?parent=5046"}],"curies":[{"name":"wp","href":"https:\/\/api.w.org\/{rel}","templated":true}]}}