{"id":5146,"date":"2020-11-16T00:45:01","date_gmt":"2021-03-23T13:49:35","guid":{"rendered":"https:\/\/trumpetlegacy.com\/shop\/sistema-de-entrenamiento-de-compresion-paquete-de-2\/"},"modified":"2021-04-13T06:46:14","modified_gmt":"2021-04-13T13:46:14","slug":"sistema-de-formacion-por-compresion-paquete-de-2","status":"publish","type":"product","link":"https:\/\/www.trumpetlegacy.com\/es\/product\/sistema-de-formacion-por-compresion-paquete-de-2\/","title":{"rendered":"Sistema de entrenamiento de compresi\u00f3n (paquete de 2)"},"content":{"rendered":"<p>Esto es para un paquete de dos kits CTS &#8211; un ahorro de $9.99!<\/p>\n<p><img decoding=\"async\" class=\"lazyload alignnone size-medium wp-image-1020\" src=\"data:image\/svg+xml,%3Csvg%20xmlns%3D%27http%3A%2F%2Fwww.w3.org%2F2000%2Fsvg%27%20width%3D%27300%27%20height%3D%27300%27%20viewBox%3D%270%200%20300%20300%27%3E%3Crect%20width%3D%27300%27%20height%3D%27300%27%20fill-opacity%3D%220%22%2F%3E%3C%2Fsvg%3E\" data-orig-src=\"\/wp-content\/uploads\/2020\/11\/cts-set-mockup-final-300x300.png\" alt=\"cts-set-mockup-final\" width=\"300\" height=\"300\"><\/p>\n<p>Incluye el sistema completo de entrenamiento de compresi\u00f3n, el libro electr\u00f3nico, los tutoriales en v\u00eddeo, la funda de boquilla de trompeta personalizada, la bolsa de transporte y el entrenador del sistema de entrenamiento de compresi\u00f3n personalizado.<\/p>\n<p>&nbsp;<\/p>\n<p>V\u00eddeo de Kickstarter a continuaci\u00f3n<\/p>\n<div class=\"video-shortcode\"><iframe title=\"Compression Training System Kickstarter Video\" width=\"1170\" height=\"658\" src=\"https:\/\/www.youtube.com\/embed\/88WyCaAsjok?feature=oembed\" frameborder=\"0\" allow=\"accelerometer; autoplay; clipboard-write; encrypted-media; gyroscope; picture-in-picture\" allowfullscreen><\/iframe><\/div>\n","protected":false},"excerpt":{"rendered":"<p>Esto es para un paquete de dos kits CTS &#8211; un ahorro de $9.99! Incluye el sistema completo de entrenamiento de compresi\u00f3n, el [&hellip;]<\/p>\n","protected":false},"featured_media":5150,"template":"","meta":[],"product_cat":[112],"product_tag":[],"yoast_head":"<!-- This site is optimized with the Yoast SEO Premium plugin v18.6 (Yoast SEO v22.1) - https:\/\/yoast.com\/wordpress\/plugins\/seo\/ -->\n<title>Sistema de entrenamiento de compresi\u00f3n (paquete de 2) - Trumpet Legacy<\/title>\n<meta name=\"robots\" content=\"index, follow, max-snippet:-1, max-image-preview:large, max-video-preview:-1\" \/>\n<link rel=\"canonical\" href=\"https:\/\/www.trumpetlegacy.com\/es\/product\/sistema-de-formacion-por-compresion-paquete-de-2\/\" \/>\n<meta property=\"og:locale\" content=\"es_ES\" \/>\n<meta property=\"og:type\" content=\"article\" \/>\n<meta property=\"og:title\" content=\"Sistema de entrenamiento de compresi\u00f3n (paquete de 2)\" \/>\n<meta property=\"og:description\" content=\"Esto es para un paquete de dos kits CTS &#8211; un ahorro de $9.99! Incluye el sistema completo de entrenamiento de compresi\u00f3n, el [&hellip;]\" \/>\n<meta property=\"og:url\" content=\"https:\/\/www.trumpetlegacy.com\/es\/product\/sistema-de-formacion-por-compresion-paquete-de-2\/\" \/>\n<meta property=\"og:site_name\" content=\"Trumpet Legacy\" \/>\n<meta property=\"article:publisher\" content=\"https:\/\/www.facebook.com\/larry.meregillano\" \/>\n<meta property=\"article:modified_time\" content=\"2021-04-13T13:46:14+00:00\" \/>\n<meta property=\"og:image\" content=\"https:\/\/www.trumpetlegacy.com\/wp-content\/uploads\/2020\/11\/cts-set-2pack-1.jpg\" \/>\n\t<meta property=\"og:image:width\" content=\"2000\" \/>\n\t<meta property=\"og:image:height\" content=\"2000\" \/>\n\t<meta property=\"og:image:type\" content=\"image\/jpeg\" \/>\n<meta name=\"twitter:card\" content=\"summary_large_image\" \/>\n<script type=\"application\/ld+json\" class=\"yoast-schema-graph\">{\"@context\":\"https:\/\/schema.org\",\"@graph\":[{\"@type\":\"WebPage\",\"@id\":\"https:\/\/www.trumpetlegacy.com\/es\/product\/sistema-de-formacion-por-compresion-paquete-de-2\/\",\"url\":\"https:\/\/www.trumpetlegacy.com\/es\/product\/sistema-de-formacion-por-compresion-paquete-de-2\/\",\"name\":\"Sistema de entrenamiento de compresi\u00f3n (paquete de 2) - Trumpet Legacy\",\"isPartOf\":{\"@id\":\"https:\/\/www.trumpetlegacy.com\/fr\/#website\"},\"datePublished\":\"2021-03-23T13:49:35+00:00\",\"dateModified\":\"2021-04-13T13:46:14+00:00\",\"breadcrumb\":{\"@id\":\"https:\/\/www.trumpetlegacy.com\/es\/product\/sistema-de-formacion-por-compresion-paquete-de-2\/#breadcrumb\"},\"inLanguage\":\"es\",\"potentialAction\":[{\"@type\":\"ReadAction\",\"target\":[\"https:\/\/www.trumpetlegacy.com\/es\/product\/sistema-de-formacion-por-compresion-paquete-de-2\/\"]}]},{\"@type\":\"BreadcrumbList\",\"@id\":\"https:\/\/www.trumpetlegacy.com\/es\/product\/sistema-de-formacion-por-compresion-paquete-de-2\/#breadcrumb\",\"itemListElement\":[{\"@type\":\"ListItem\",\"position\":1,\"name\":\"Home\",\"item\":\"https:\/\/www.trumpetlegacy.com\/es\/sistema-de-entrenamiento-por-compresion-para-instrumentos-de-viento-metal-y-madera\/\"},{\"@type\":\"ListItem\",\"position\":2,\"name\":\"Tienda\",\"item\":\"https:\/\/www.trumpetlegacy.com\/es\/tienda\/\"},{\"@type\":\"ListItem\",\"position\":3,\"name\":\"Sistema de entrenamiento de compresi\u00f3n (paquete de 2)\"}]},{\"@type\":\"WebSite\",\"@id\":\"https:\/\/www.trumpetlegacy.com\/fr\/#website\",\"url\":\"https:\/\/www.trumpetlegacy.com\/fr\/\",\"name\":\"Trumpet Legacy\",\"description\":\"Trumpet Compression Training System, Books, Clinics, and Private Lessons\",\"publisher\":{\"@id\":\"https:\/\/www.trumpetlegacy.com\/fr\/#organization\"},\"potentialAction\":[{\"@type\":\"SearchAction\",\"target\":{\"@type\":\"EntryPoint\",\"urlTemplate\":\"https:\/\/www.trumpetlegacy.com\/fr\/?s={search_term_string}\"},\"query-input\":\"required name=search_term_string\"}],\"inLanguage\":\"es\"},{\"@type\":\"Organization\",\"@id\":\"https:\/\/www.trumpetlegacy.com\/fr\/#organization\",\"name\":\"Larry Meregillano \u2013 A Trumpet Legacy LLC\",\"url\":\"https:\/\/www.trumpetlegacy.com\/fr\/\",\"logo\":{\"@type\":\"ImageObject\",\"inLanguage\":\"es\",\"@id\":\"https:\/\/www.trumpetlegacy.com\/fr\/#\/schema\/logo\/image\/\",\"url\":\"https:\/\/www.trumpetlegacy.com\/wp-content\/uploads\/2021\/04\/Stamp-Logo-BW-300x300-1.png\",\"contentUrl\":\"https:\/\/www.trumpetlegacy.com\/wp-content\/uploads\/2021\/04\/Stamp-Logo-BW-300x300-1.png\",\"width\":300,\"height\":300,\"caption\":\"Larry Meregillano \u2013 A Trumpet Legacy LLC\"},\"image\":{\"@id\":\"https:\/\/www.trumpetlegacy.com\/fr\/#\/schema\/logo\/image\/\"},\"sameAs\":[\"https:\/\/www.facebook.com\/larry.meregillano\",\"https:\/\/www.youtube.com\/user\/LarryMeregillano\"]}]}<\/script>\n<!-- \/ Yoast SEO Premium plugin. -->","yoast_head_json":{"title":"Sistema de entrenamiento de compresi\u00f3n (paquete de 2) - Trumpet Legacy","robots":{"index":"index","follow":"follow","max-snippet":"max-snippet:-1","max-image-preview":"max-image-preview:large","max-video-preview":"max-video-preview:-1"},"canonical":"https:\/\/www.trumpetlegacy.com\/es\/product\/sistema-de-formacion-por-compresion-paquete-de-2\/","og_locale":"es_ES","og_type":"article","og_title":"Sistema de entrenamiento de compresi\u00f3n (paquete de 2)","og_description":"Esto es para un paquete de dos kits CTS &#8211; un ahorro de $9.99! Incluye el sistema completo de entrenamiento de compresi\u00f3n, el [&hellip;]","og_url":"https:\/\/www.trumpetlegacy.com\/es\/product\/sistema-de-formacion-por-compresion-paquete-de-2\/","og_site_name":"Trumpet Legacy","article_publisher":"https:\/\/www.facebook.com\/larry.meregillano","article_modified_time":"2021-04-13T13:46:14+00:00","og_image":[{"width":2000,"height":2000,"url":"https:\/\/www.trumpetlegacy.com\/wp-content\/uploads\/2020\/11\/cts-set-2pack-1.jpg","type":"image\/jpeg"}],"twitter_card":"summary_large_image","schema":{"@context":"https:\/\/schema.org","@graph":[{"@type":"WebPage","@id":"https:\/\/www.trumpetlegacy.com\/es\/product\/sistema-de-formacion-por-compresion-paquete-de-2\/","url":"https:\/\/www.trumpetlegacy.com\/es\/product\/sistema-de-formacion-por-compresion-paquete-de-2\/","name":"Sistema de entrenamiento de compresi\u00f3n (paquete de 2) - Trumpet Legacy","isPartOf":{"@id":"https:\/\/www.trumpetlegacy.com\/fr\/#website"},"datePublished":"2021-03-23T13:49:35+00:00","dateModified":"2021-04-13T13:46:14+00:00","breadcrumb":{"@id":"https:\/\/www.trumpetlegacy.com\/es\/product\/sistema-de-formacion-por-compresion-paquete-de-2\/#breadcrumb"},"inLanguage":"es","potentialAction":[{"@type":"ReadAction","target":["https:\/\/www.trumpetlegacy.com\/es\/product\/sistema-de-formacion-por-compresion-paquete-de-2\/"]}]},{"@type":"BreadcrumbList","@id":"https:\/\/www.trumpetlegacy.com\/es\/product\/sistema-de-formacion-por-compresion-paquete-de-2\/#breadcrumb","itemListElement":[{"@type":"ListItem","position":1,"name":"Home","item":"https:\/\/www.trumpetlegacy.com\/es\/sistema-de-entrenamiento-por-compresion-para-instrumentos-de-viento-metal-y-madera\/"},{"@type":"ListItem","position":2,"name":"Tienda","item":"https:\/\/www.trumpetlegacy.com\/es\/tienda\/"},{"@type":"ListItem","position":3,"name":"Sistema de entrenamiento de compresi\u00f3n (paquete de 2)"}]},{"@type":"WebSite","@id":"https:\/\/www.trumpetlegacy.com\/fr\/#website","url":"https:\/\/www.trumpetlegacy.com\/fr\/","name":"Trumpet Legacy","description":"Trumpet Compression Training System, Books, Clinics, and Private Lessons","publisher":{"@id":"https:\/\/www.trumpetlegacy.com\/fr\/#organization"},"potentialAction":[{"@type":"SearchAction","target":{"@type":"EntryPoint","urlTemplate":"https:\/\/www.trumpetlegacy.com\/fr\/?s={search_term_string}"},"query-input":"required name=search_term_string"}],"inLanguage":"es"},{"@type":"Organization","@id":"https:\/\/www.trumpetlegacy.com\/fr\/#organization","name":"Larry Meregillano \u2013 A Trumpet Legacy LLC","url":"https:\/\/www.trumpetlegacy.com\/fr\/","logo":{"@type":"ImageObject","inLanguage":"es","@id":"https:\/\/www.trumpetlegacy.com\/fr\/#\/schema\/logo\/image\/","url":"https:\/\/www.trumpetlegacy.com\/wp-content\/uploads\/2021\/04\/Stamp-Logo-BW-300x300-1.png","contentUrl":"https:\/\/www.trumpetlegacy.com\/wp-content\/uploads\/2021\/04\/Stamp-Logo-BW-300x300-1.png","width":300,"height":300,"caption":"Larry Meregillano \u2013 A Trumpet Legacy LLC"},"image":{"@id":"https:\/\/www.trumpetlegacy.com\/fr\/#\/schema\/logo\/image\/"},"sameAs":["https:\/\/www.facebook.com\/larry.meregillano","https:\/\/www.youtube.com\/user\/LarryMeregillano"]}]}},"jetpack_sharing_enabled":true,"_links":{"self":[{"href":"https:\/\/www.trumpetlegacy.com\/es\/wp-json\/wp\/v2\/product\/5146"}],"collection":[{"href":"https:\/\/www.trumpetlegacy.com\/es\/wp-json\/wp\/v2\/product"}],"about":[{"href":"https:\/\/www.trumpetlegacy.com\/es\/wp-json\/wp\/v2\/types\/product"}],"wp:featuredmedia":[{"embeddable":true,"href":"https:\/\/www.trumpetlegacy.com\/es\/wp-json\/wp\/v2\/media\/5150"}],"wp:attachment":[{"href":"https:\/\/www.trumpetlegacy.com\/es\/wp-json\/wp\/v2\/media?parent=5146"}],"wp:term":[{"taxonomy":"product_cat","embeddable":true,"href":"https:\/\/www.trumpetlegacy.com\/es\/wp-json\/wp\/v2\/product_cat?post=5146"},{"taxonomy":"product_tag","embeddable":true,"href":"https:\/\/www.trumpetlegacy.com\/es\/wp-json\/wp\/v2\/product_tag?post=5146"}],"curies":[{"name":"wp","href":"https:\/\/api.w.org\/{rel}","templated":true}]}}