{"id":5148,"date":"2021-01-23T07:50:30","date_gmt":"2021-03-23T13:49:36","guid":{"rendered":"https:\/\/trumpetlegacy.com\/shop\/taza-goles-de-la-doble-c\/"},"modified":"2021-03-23T06:49:36","modified_gmt":"2021-03-23T13:49:36","slug":"doble-c-objetivo-taza","status":"publish","type":"product","link":"https:\/\/www.trumpetlegacy.com\/es\/product\/doble-c-objetivo-taza\/","title":{"rendered":"\u00abTaza \u00abGoles de la doble C"},"content":{"rendered":"<p>Tienes objetivos de doble C! Pi\u00e9nsalo con tu caf\u00e9 matutino y esta taza.<\/p>\n<p>Estas tazas de cer\u00e1mica no s\u00f3lo tienen nuestro impresionante dise\u00f1o de los Objetivos de la Doble C, sino tambi\u00e9n un borde, un asa y un interior de colores, por lo que la taza est\u00e1 destinada a animar su estante de tazas.<\/p>\n<p>&#8211; Cer\u00e1mica<br \/>\n&#8211; Altura: 9,8 cm.<br \/>\n&#8211; Di\u00e1metro: 3,35&#8243; (8,5 cm)<br \/>\n&#8211; Color del borde, del interior y del mango<br \/>\n&#8211; Apto para el lavavajillas y el microondas<\/p>\n","protected":false},"excerpt":{"rendered":"<p>Tienes objetivos de doble C! Pi\u00e9nsalo con tu caf\u00e9 matutino y esta taza. Estas tazas de cer\u00e1mica no s\u00f3lo tienen nuestro impresionante dise\u00f1o [&hellip;]<\/p>\n","protected":false},"featured_media":5153,"template":"","meta":[],"product_cat":[118],"product_tag":[],"yoast_head":"<!-- This site is optimized with the Yoast SEO Premium plugin v18.6 (Yoast SEO v22.1) - https:\/\/yoast.com\/wordpress\/plugins\/seo\/ -->\n<title>&quot;Taza &quot;Goles de la doble C - Trumpet Legacy<\/title>\n<meta name=\"robots\" content=\"index, follow, max-snippet:-1, max-image-preview:large, max-video-preview:-1\" \/>\n<link rel=\"canonical\" href=\"https:\/\/www.trumpetlegacy.com\/es\/product\/doble-c-objetivo-taza\/\" \/>\n<meta property=\"og:locale\" content=\"es_ES\" \/>\n<meta property=\"og:type\" content=\"article\" \/>\n<meta property=\"og:title\" content=\"&quot;Taza &quot;Goles de la doble C\" \/>\n<meta property=\"og:description\" content=\"Tienes objetivos de doble C! Pi\u00e9nsalo con tu caf\u00e9 matutino y esta taza. Estas tazas de cer\u00e1mica no s\u00f3lo tienen nuestro impresionante dise\u00f1o [&hellip;]\" \/>\n<meta property=\"og:url\" content=\"https:\/\/www.trumpetlegacy.com\/es\/product\/doble-c-objetivo-taza\/\" \/>\n<meta property=\"og:site_name\" content=\"Trumpet Legacy\" \/>\n<meta property=\"article:publisher\" content=\"https:\/\/www.facebook.com\/larry.meregillano\" \/>\n<meta property=\"og:image\" content=\"https:\/\/www.trumpetlegacy.com\/wp-content\/uploads\/2021\/01\/white-ceramic-mug-with-color-inside-black-11oz-600c45c171c6e.jpg\" \/>\n\t<meta property=\"og:image:width\" content=\"1000\" \/>\n\t<meta property=\"og:image:height\" content=\"1000\" \/>\n\t<meta property=\"og:image:type\" content=\"image\/jpeg\" \/>\n<meta name=\"twitter:card\" content=\"summary_large_image\" \/>\n<script type=\"application\/ld+json\" class=\"yoast-schema-graph\">{\"@context\":\"https:\/\/schema.org\",\"@graph\":[{\"@type\":\"WebPage\",\"@id\":\"https:\/\/www.trumpetlegacy.com\/es\/product\/doble-c-objetivo-taza\/\",\"url\":\"https:\/\/www.trumpetlegacy.com\/es\/product\/doble-c-objetivo-taza\/\",\"name\":\"\\\"Taza \\\"Goles de la doble C - Trumpet Legacy\",\"isPartOf\":{\"@id\":\"https:\/\/www.trumpetlegacy.com\/fr\/#website\"},\"datePublished\":\"2021-03-23T13:49:36+00:00\",\"dateModified\":\"2021-03-23T13:49:36+00:00\",\"breadcrumb\":{\"@id\":\"https:\/\/www.trumpetlegacy.com\/es\/product\/doble-c-objetivo-taza\/#breadcrumb\"},\"inLanguage\":\"es\",\"potentialAction\":[{\"@type\":\"ReadAction\",\"target\":[\"https:\/\/www.trumpetlegacy.com\/es\/product\/doble-c-objetivo-taza\/\"]}]},{\"@type\":\"BreadcrumbList\",\"@id\":\"https:\/\/www.trumpetlegacy.com\/es\/product\/doble-c-objetivo-taza\/#breadcrumb\",\"itemListElement\":[{\"@type\":\"ListItem\",\"position\":1,\"name\":\"Home\",\"item\":\"https:\/\/www.trumpetlegacy.com\/es\/sistema-de-entrenamiento-por-compresion-para-instrumentos-de-viento-metal-y-madera\/\"},{\"@type\":\"ListItem\",\"position\":2,\"name\":\"Tienda\",\"item\":\"https:\/\/www.trumpetlegacy.com\/es\/tienda\/\"},{\"@type\":\"ListItem\",\"position\":3,\"name\":\"\u00abTaza \u00abGoles de la doble C\"}]},{\"@type\":\"WebSite\",\"@id\":\"https:\/\/www.trumpetlegacy.com\/fr\/#website\",\"url\":\"https:\/\/www.trumpetlegacy.com\/fr\/\",\"name\":\"Trumpet Legacy\",\"description\":\"Trumpet Compression Training System, Books, Clinics, and Private Lessons\",\"publisher\":{\"@id\":\"https:\/\/www.trumpetlegacy.com\/fr\/#organization\"},\"potentialAction\":[{\"@type\":\"SearchAction\",\"target\":{\"@type\":\"EntryPoint\",\"urlTemplate\":\"https:\/\/www.trumpetlegacy.com\/fr\/?s={search_term_string}\"},\"query-input\":\"required name=search_term_string\"}],\"inLanguage\":\"es\"},{\"@type\":\"Organization\",\"@id\":\"https:\/\/www.trumpetlegacy.com\/fr\/#organization\",\"name\":\"Larry Meregillano \u2013 A Trumpet Legacy LLC\",\"url\":\"https:\/\/www.trumpetlegacy.com\/fr\/\",\"logo\":{\"@type\":\"ImageObject\",\"inLanguage\":\"es\",\"@id\":\"https:\/\/www.trumpetlegacy.com\/fr\/#\/schema\/logo\/image\/\",\"url\":\"https:\/\/www.trumpetlegacy.com\/wp-content\/uploads\/2021\/04\/Stamp-Logo-BW-300x300-1.png\",\"contentUrl\":\"https:\/\/www.trumpetlegacy.com\/wp-content\/uploads\/2021\/04\/Stamp-Logo-BW-300x300-1.png\",\"width\":300,\"height\":300,\"caption\":\"Larry Meregillano \u2013 A Trumpet Legacy LLC\"},\"image\":{\"@id\":\"https:\/\/www.trumpetlegacy.com\/fr\/#\/schema\/logo\/image\/\"},\"sameAs\":[\"https:\/\/www.facebook.com\/larry.meregillano\",\"https:\/\/www.youtube.com\/user\/LarryMeregillano\"]}]}<\/script>\n<!-- \/ Yoast SEO Premium plugin. -->","yoast_head_json":{"title":"\"Taza \"Goles de la doble C - Trumpet Legacy","robots":{"index":"index","follow":"follow","max-snippet":"max-snippet:-1","max-image-preview":"max-image-preview:large","max-video-preview":"max-video-preview:-1"},"canonical":"https:\/\/www.trumpetlegacy.com\/es\/product\/doble-c-objetivo-taza\/","og_locale":"es_ES","og_type":"article","og_title":"\"Taza \"Goles de la doble C","og_description":"Tienes objetivos de doble C! Pi\u00e9nsalo con tu caf\u00e9 matutino y esta taza. Estas tazas de cer\u00e1mica no s\u00f3lo tienen nuestro impresionante dise\u00f1o [&hellip;]","og_url":"https:\/\/www.trumpetlegacy.com\/es\/product\/doble-c-objetivo-taza\/","og_site_name":"Trumpet Legacy","article_publisher":"https:\/\/www.facebook.com\/larry.meregillano","og_image":[{"width":1000,"height":1000,"url":"https:\/\/www.trumpetlegacy.com\/wp-content\/uploads\/2021\/01\/white-ceramic-mug-with-color-inside-black-11oz-600c45c171c6e.jpg","type":"image\/jpeg"}],"twitter_card":"summary_large_image","schema":{"@context":"https:\/\/schema.org","@graph":[{"@type":"WebPage","@id":"https:\/\/www.trumpetlegacy.com\/es\/product\/doble-c-objetivo-taza\/","url":"https:\/\/www.trumpetlegacy.com\/es\/product\/doble-c-objetivo-taza\/","name":"\"Taza \"Goles de la doble C - Trumpet Legacy","isPartOf":{"@id":"https:\/\/www.trumpetlegacy.com\/fr\/#website"},"datePublished":"2021-03-23T13:49:36+00:00","dateModified":"2021-03-23T13:49:36+00:00","breadcrumb":{"@id":"https:\/\/www.trumpetlegacy.com\/es\/product\/doble-c-objetivo-taza\/#breadcrumb"},"inLanguage":"es","potentialAction":[{"@type":"ReadAction","target":["https:\/\/www.trumpetlegacy.com\/es\/product\/doble-c-objetivo-taza\/"]}]},{"@type":"BreadcrumbList","@id":"https:\/\/www.trumpetlegacy.com\/es\/product\/doble-c-objetivo-taza\/#breadcrumb","itemListElement":[{"@type":"ListItem","position":1,"name":"Home","item":"https:\/\/www.trumpetlegacy.com\/es\/sistema-de-entrenamiento-por-compresion-para-instrumentos-de-viento-metal-y-madera\/"},{"@type":"ListItem","position":2,"name":"Tienda","item":"https:\/\/www.trumpetlegacy.com\/es\/tienda\/"},{"@type":"ListItem","position":3,"name":"\u00abTaza \u00abGoles de la doble C"}]},{"@type":"WebSite","@id":"https:\/\/www.trumpetlegacy.com\/fr\/#website","url":"https:\/\/www.trumpetlegacy.com\/fr\/","name":"Trumpet Legacy","description":"Trumpet Compression Training System, Books, Clinics, and Private Lessons","publisher":{"@id":"https:\/\/www.trumpetlegacy.com\/fr\/#organization"},"potentialAction":[{"@type":"SearchAction","target":{"@type":"EntryPoint","urlTemplate":"https:\/\/www.trumpetlegacy.com\/fr\/?s={search_term_string}"},"query-input":"required name=search_term_string"}],"inLanguage":"es"},{"@type":"Organization","@id":"https:\/\/www.trumpetlegacy.com\/fr\/#organization","name":"Larry Meregillano \u2013 A Trumpet Legacy LLC","url":"https:\/\/www.trumpetlegacy.com\/fr\/","logo":{"@type":"ImageObject","inLanguage":"es","@id":"https:\/\/www.trumpetlegacy.com\/fr\/#\/schema\/logo\/image\/","url":"https:\/\/www.trumpetlegacy.com\/wp-content\/uploads\/2021\/04\/Stamp-Logo-BW-300x300-1.png","contentUrl":"https:\/\/www.trumpetlegacy.com\/wp-content\/uploads\/2021\/04\/Stamp-Logo-BW-300x300-1.png","width":300,"height":300,"caption":"Larry Meregillano \u2013 A Trumpet Legacy LLC"},"image":{"@id":"https:\/\/www.trumpetlegacy.com\/fr\/#\/schema\/logo\/image\/"},"sameAs":["https:\/\/www.facebook.com\/larry.meregillano","https:\/\/www.youtube.com\/user\/LarryMeregillano"]}]}},"jetpack_sharing_enabled":true,"_links":{"self":[{"href":"https:\/\/www.trumpetlegacy.com\/es\/wp-json\/wp\/v2\/product\/5148"}],"collection":[{"href":"https:\/\/www.trumpetlegacy.com\/es\/wp-json\/wp\/v2\/product"}],"about":[{"href":"https:\/\/www.trumpetlegacy.com\/es\/wp-json\/wp\/v2\/types\/product"}],"wp:featuredmedia":[{"embeddable":true,"href":"https:\/\/www.trumpetlegacy.com\/es\/wp-json\/wp\/v2\/media\/5153"}],"wp:attachment":[{"href":"https:\/\/www.trumpetlegacy.com\/es\/wp-json\/wp\/v2\/media?parent=5148"}],"wp:term":[{"taxonomy":"product_cat","embeddable":true,"href":"https:\/\/www.trumpetlegacy.com\/es\/wp-json\/wp\/v2\/product_cat?post=5148"},{"taxonomy":"product_tag","embeddable":true,"href":"https:\/\/www.trumpetlegacy.com\/es\/wp-json\/wp\/v2\/product_tag?post=5148"}],"curies":[{"name":"wp","href":"https:\/\/api.w.org\/{rel}","templated":true}]}}