{"id":5183,"date":"2021-01-15T11:37:09","date_gmt":"2021-03-23T13:49:54","guid":{"rendered":"https:\/\/trumpetlegacy.com\/shop\/camiseta-goles-de-la-doble-c\/"},"modified":"2021-03-23T06:50:22","modified_gmt":"2021-03-23T13:50:22","slug":"camiseta-de-goals-unisex","status":"publish","type":"product","link":"https:\/\/www.trumpetlegacy.com\/es\/product\/camiseta-de-goals-unisex\/","title":{"rendered":"\u00abCamiseta \u00abGoles de la doble C"},"content":{"rendered":"<p>Tienes objetivos: \u00a1objetivos de doble C!<\/p>\n<p>Y ahora has encontrado la camiseta b\u00e1sica de tu armario. Est\u00e1 hecho de un algod\u00f3n m\u00e1s grueso y pesado, pero sigue siendo suave y c\u00f3modo. Y el doble cosido en el escote y las mangas a\u00f1ade m\u00e1s durabilidad a lo que seguramente ser\u00e1 un favorito!  <\/p>\n<p>&#8211; 100% algod\u00f3n hilado en anillo<br \/>\n&#8211; Sport Grey est\u00e1 compuesto por un 90% de algod\u00f3n hilado en anillos y un 10% de poli\u00e9ster<br \/>\n&#8211; Dark Heather es 65% poli\u00e9ster, 35% algod\u00f3n<br \/>\n&#8211; 4,5 oz\/y\u00b2 (153 g\/m\u00b2)<br \/>\n&#8211; Pre-encogido<br \/>\n&#8211; Cinta adhesiva de hombro a hombro<br \/>\n&#8211; Se ha girado un cuarto para evitar el pliegue en el centro<\/p>\n","protected":false},"excerpt":{"rendered":"<p>Tienes objetivos: \u00a1objetivos de doble C! Y ahora has encontrado la camiseta b\u00e1sica de tu armario. Est\u00e1 hecho de un algod\u00f3n m\u00e1s grueso [&hellip;]<\/p>\n","protected":false},"featured_media":5184,"template":"","meta":[],"product_cat":[118],"product_tag":[],"yoast_head":"<!-- This site is optimized with the Yoast SEO Premium plugin v18.6 (Yoast SEO v22.1) - https:\/\/yoast.com\/wordpress\/plugins\/seo\/ -->\n<title>&quot;Camiseta &quot;Goles de la doble C - Trumpet Legacy<\/title>\n<meta name=\"robots\" content=\"index, follow, max-snippet:-1, max-image-preview:large, max-video-preview:-1\" \/>\n<link rel=\"canonical\" href=\"https:\/\/www.trumpetlegacy.com\/es\/product\/camiseta-de-goals-unisex\/\" \/>\n<meta property=\"og:locale\" content=\"es_ES\" \/>\n<meta property=\"og:type\" content=\"article\" \/>\n<meta property=\"og:title\" content=\"&quot;Camiseta &quot;Goles de la doble C\" \/>\n<meta property=\"og:description\" content=\"Tienes objetivos: \u00a1objetivos de doble C! Y ahora has encontrado la camiseta b\u00e1sica de tu armario. Est\u00e1 hecho de un algod\u00f3n m\u00e1s grueso [&hellip;]\" \/>\n<meta property=\"og:url\" content=\"https:\/\/www.trumpetlegacy.com\/es\/product\/camiseta-de-goals-unisex\/\" \/>\n<meta property=\"og:site_name\" content=\"Trumpet Legacy\" \/>\n<meta property=\"article:publisher\" content=\"https:\/\/www.facebook.com\/larry.meregillano\" \/>\n<meta property=\"article:modified_time\" content=\"2021-03-23T13:50:22+00:00\" \/>\n<meta property=\"og:image\" content=\"https:\/\/www.trumpetlegacy.com\/wp-content\/uploads\/2021\/01\/unisex-basic-softstyle-t-shirt-black-6001eee256d2f.png\" \/>\n\t<meta property=\"og:image:width\" content=\"1000\" \/>\n\t<meta property=\"og:image:height\" content=\"1000\" \/>\n\t<meta property=\"og:image:type\" content=\"image\/png\" \/>\n<meta name=\"twitter:card\" content=\"summary_large_image\" \/>\n<meta name=\"twitter:label1\" content=\"Tiempo de lectura\" \/>\n\t<meta name=\"twitter:data1\" content=\"1 minuto\" \/>\n<script type=\"application\/ld+json\" class=\"yoast-schema-graph\">{\"@context\":\"https:\/\/schema.org\",\"@graph\":[{\"@type\":\"WebPage\",\"@id\":\"https:\/\/www.trumpetlegacy.com\/es\/product\/camiseta-de-goals-unisex\/\",\"url\":\"https:\/\/www.trumpetlegacy.com\/es\/product\/camiseta-de-goals-unisex\/\",\"name\":\"\\\"Camiseta \\\"Goles de la doble C - Trumpet Legacy\",\"isPartOf\":{\"@id\":\"https:\/\/www.trumpetlegacy.com\/fr\/#website\"},\"datePublished\":\"2021-03-23T13:49:54+00:00\",\"dateModified\":\"2021-03-23T13:50:22+00:00\",\"breadcrumb\":{\"@id\":\"https:\/\/www.trumpetlegacy.com\/es\/product\/camiseta-de-goals-unisex\/#breadcrumb\"},\"inLanguage\":\"es\",\"potentialAction\":[{\"@type\":\"ReadAction\",\"target\":[\"https:\/\/www.trumpetlegacy.com\/es\/product\/camiseta-de-goals-unisex\/\"]}]},{\"@type\":\"BreadcrumbList\",\"@id\":\"https:\/\/www.trumpetlegacy.com\/es\/product\/camiseta-de-goals-unisex\/#breadcrumb\",\"itemListElement\":[{\"@type\":\"ListItem\",\"position\":1,\"name\":\"Home\",\"item\":\"https:\/\/www.trumpetlegacy.com\/es\/sistema-de-entrenamiento-por-compresion-para-instrumentos-de-viento-metal-y-madera\/\"},{\"@type\":\"ListItem\",\"position\":2,\"name\":\"Tienda\",\"item\":\"https:\/\/www.trumpetlegacy.com\/es\/tienda\/\"},{\"@type\":\"ListItem\",\"position\":3,\"name\":\"\u00abCamiseta \u00abGoles de la doble C\"}]},{\"@type\":\"WebSite\",\"@id\":\"https:\/\/www.trumpetlegacy.com\/fr\/#website\",\"url\":\"https:\/\/www.trumpetlegacy.com\/fr\/\",\"name\":\"Trumpet Legacy\",\"description\":\"Trumpet Compression Training System, Books, Clinics, and Private Lessons\",\"publisher\":{\"@id\":\"https:\/\/www.trumpetlegacy.com\/fr\/#organization\"},\"potentialAction\":[{\"@type\":\"SearchAction\",\"target\":{\"@type\":\"EntryPoint\",\"urlTemplate\":\"https:\/\/www.trumpetlegacy.com\/fr\/?s={search_term_string}\"},\"query-input\":\"required name=search_term_string\"}],\"inLanguage\":\"es\"},{\"@type\":\"Organization\",\"@id\":\"https:\/\/www.trumpetlegacy.com\/fr\/#organization\",\"name\":\"Larry Meregillano \u2013 A Trumpet Legacy LLC\",\"url\":\"https:\/\/www.trumpetlegacy.com\/fr\/\",\"logo\":{\"@type\":\"ImageObject\",\"inLanguage\":\"es\",\"@id\":\"https:\/\/www.trumpetlegacy.com\/fr\/#\/schema\/logo\/image\/\",\"url\":\"https:\/\/www.trumpetlegacy.com\/wp-content\/uploads\/2021\/04\/Stamp-Logo-BW-300x300-1.png\",\"contentUrl\":\"https:\/\/www.trumpetlegacy.com\/wp-content\/uploads\/2021\/04\/Stamp-Logo-BW-300x300-1.png\",\"width\":300,\"height\":300,\"caption\":\"Larry Meregillano \u2013 A Trumpet Legacy LLC\"},\"image\":{\"@id\":\"https:\/\/www.trumpetlegacy.com\/fr\/#\/schema\/logo\/image\/\"},\"sameAs\":[\"https:\/\/www.facebook.com\/larry.meregillano\",\"https:\/\/www.youtube.com\/user\/LarryMeregillano\"]}]}<\/script>\n<!-- \/ Yoast SEO Premium plugin. -->","yoast_head_json":{"title":"\"Camiseta \"Goles de la doble C - Trumpet Legacy","robots":{"index":"index","follow":"follow","max-snippet":"max-snippet:-1","max-image-preview":"max-image-preview:large","max-video-preview":"max-video-preview:-1"},"canonical":"https:\/\/www.trumpetlegacy.com\/es\/product\/camiseta-de-goals-unisex\/","og_locale":"es_ES","og_type":"article","og_title":"\"Camiseta \"Goles de la doble C","og_description":"Tienes objetivos: \u00a1objetivos de doble C! Y ahora has encontrado la camiseta b\u00e1sica de tu armario. Est\u00e1 hecho de un algod\u00f3n m\u00e1s grueso [&hellip;]","og_url":"https:\/\/www.trumpetlegacy.com\/es\/product\/camiseta-de-goals-unisex\/","og_site_name":"Trumpet Legacy","article_publisher":"https:\/\/www.facebook.com\/larry.meregillano","article_modified_time":"2021-03-23T13:50:22+00:00","og_image":[{"width":1000,"height":1000,"url":"https:\/\/www.trumpetlegacy.com\/wp-content\/uploads\/2021\/01\/unisex-basic-softstyle-t-shirt-black-6001eee256d2f.png","type":"image\/png"}],"twitter_card":"summary_large_image","twitter_misc":{"Tiempo de lectura":"1 minuto"},"schema":{"@context":"https:\/\/schema.org","@graph":[{"@type":"WebPage","@id":"https:\/\/www.trumpetlegacy.com\/es\/product\/camiseta-de-goals-unisex\/","url":"https:\/\/www.trumpetlegacy.com\/es\/product\/camiseta-de-goals-unisex\/","name":"\"Camiseta \"Goles de la doble C - Trumpet Legacy","isPartOf":{"@id":"https:\/\/www.trumpetlegacy.com\/fr\/#website"},"datePublished":"2021-03-23T13:49:54+00:00","dateModified":"2021-03-23T13:50:22+00:00","breadcrumb":{"@id":"https:\/\/www.trumpetlegacy.com\/es\/product\/camiseta-de-goals-unisex\/#breadcrumb"},"inLanguage":"es","potentialAction":[{"@type":"ReadAction","target":["https:\/\/www.trumpetlegacy.com\/es\/product\/camiseta-de-goals-unisex\/"]}]},{"@type":"BreadcrumbList","@id":"https:\/\/www.trumpetlegacy.com\/es\/product\/camiseta-de-goals-unisex\/#breadcrumb","itemListElement":[{"@type":"ListItem","position":1,"name":"Home","item":"https:\/\/www.trumpetlegacy.com\/es\/sistema-de-entrenamiento-por-compresion-para-instrumentos-de-viento-metal-y-madera\/"},{"@type":"ListItem","position":2,"name":"Tienda","item":"https:\/\/www.trumpetlegacy.com\/es\/tienda\/"},{"@type":"ListItem","position":3,"name":"\u00abCamiseta \u00abGoles de la doble C"}]},{"@type":"WebSite","@id":"https:\/\/www.trumpetlegacy.com\/fr\/#website","url":"https:\/\/www.trumpetlegacy.com\/fr\/","name":"Trumpet Legacy","description":"Trumpet Compression Training System, Books, Clinics, and Private Lessons","publisher":{"@id":"https:\/\/www.trumpetlegacy.com\/fr\/#organization"},"potentialAction":[{"@type":"SearchAction","target":{"@type":"EntryPoint","urlTemplate":"https:\/\/www.trumpetlegacy.com\/fr\/?s={search_term_string}"},"query-input":"required name=search_term_string"}],"inLanguage":"es"},{"@type":"Organization","@id":"https:\/\/www.trumpetlegacy.com\/fr\/#organization","name":"Larry Meregillano \u2013 A Trumpet Legacy LLC","url":"https:\/\/www.trumpetlegacy.com\/fr\/","logo":{"@type":"ImageObject","inLanguage":"es","@id":"https:\/\/www.trumpetlegacy.com\/fr\/#\/schema\/logo\/image\/","url":"https:\/\/www.trumpetlegacy.com\/wp-content\/uploads\/2021\/04\/Stamp-Logo-BW-300x300-1.png","contentUrl":"https:\/\/www.trumpetlegacy.com\/wp-content\/uploads\/2021\/04\/Stamp-Logo-BW-300x300-1.png","width":300,"height":300,"caption":"Larry Meregillano \u2013 A Trumpet Legacy LLC"},"image":{"@id":"https:\/\/www.trumpetlegacy.com\/fr\/#\/schema\/logo\/image\/"},"sameAs":["https:\/\/www.facebook.com\/larry.meregillano","https:\/\/www.youtube.com\/user\/LarryMeregillano"]}]}},"jetpack_sharing_enabled":true,"_links":{"self":[{"href":"https:\/\/www.trumpetlegacy.com\/es\/wp-json\/wp\/v2\/product\/5183"}],"collection":[{"href":"https:\/\/www.trumpetlegacy.com\/es\/wp-json\/wp\/v2\/product"}],"about":[{"href":"https:\/\/www.trumpetlegacy.com\/es\/wp-json\/wp\/v2\/types\/product"}],"wp:featuredmedia":[{"embeddable":true,"href":"https:\/\/www.trumpetlegacy.com\/es\/wp-json\/wp\/v2\/media\/5184"}],"wp:attachment":[{"href":"https:\/\/www.trumpetlegacy.com\/es\/wp-json\/wp\/v2\/media?parent=5183"}],"wp:term":[{"taxonomy":"product_cat","embeddable":true,"href":"https:\/\/www.trumpetlegacy.com\/es\/wp-json\/wp\/v2\/product_cat?post=5183"},{"taxonomy":"product_tag","embeddable":true,"href":"https:\/\/www.trumpetlegacy.com\/es\/wp-json\/wp\/v2\/product_tag?post=5183"}],"curies":[{"name":"wp","href":"https:\/\/api.w.org\/{rel}","templated":true}]}}