{"id":5188,"date":"2021-03-23T06:49:59","date_gmt":"2021-03-23T13:49:59","guid":{"rendered":"https:\/\/trumpetlegacy.com\/shop\/systeme-dentrainement-par-compression-paquet-de-5\/"},"modified":"2021-03-23T06:49:59","modified_gmt":"2021-03-23T13:49:59","slug":"systeme-dentrainement-a-la-compression-pack-de-5","status":"publish","type":"product","link":"https:\/\/www.trumpetlegacy.com\/es\/product\/systeme-dentrainement-a-la-compression-pack-de-5\/","title":{"rendered":"Syst\u00e8me d&#8217;entra\u00eenement par compression (paquet de 5)"},"content":{"rendered":"<p>Il s&#8217;agit d&#8217;un paquet de cinq kits CTS &#8211; une \u00e9conomie de 34,96 $ !<\/p>\n<p><a href=\"https:\/\/trumpetlegacy.com\/wp-content\/uploads\/2020\/11\/cts-set-mockup-final.png\"><img decoding=\"async\" class=\"lazyload alignnone size-medium wp-image-1020\" src=\"data:image\/svg+xml,%3Csvg%20xmlns%3D%27http%3A%2F%2Fwww.w3.org%2F2000%2Fsvg%27%20width%3D%27300%27%20height%3D%27300%27%20viewBox%3D%270%200%20300%20300%27%3E%3Crect%20width%3D%27300%27%20height%3D%27300%27%20fill-opacity%3D%220%22%2F%3E%3C%2Fsvg%3E\" data-orig-src=\"https:\/\/trumpetlegacy.com\/wp-content\/uploads\/2020\/11\/cts-set-mockup-final-300x300.png\" alt=\"cts-set-mockup-final\" width=\"300\" height=\"300\"><\/a><\/p>\n<p>Comprend le syst\u00e8me complet d&#8217;entra\u00eenement par compression, l&#8217;ebook num\u00e9rique, les didacticiels vid\u00e9o, l&#8217;\u00e9tui personnalis\u00e9 pour embouchure de trompette, le sac de transport et l&#8217;entra\u00eeneur personnalis\u00e9 du syst\u00e8me d&#8217;entra\u00eenement par compression.<\/p>\n<p>&nbsp;<\/p>\n<p>Vid\u00e9o Kickstarter ci-dessous<\/p>\n<div class=\"video-shortcode\"><iframe title=\"Compression Training System Kickstarter Video\" width=\"1170\" height=\"658\" src=\"https:\/\/www.youtube.com\/embed\/88WyCaAsjok?feature=oembed\" frameborder=\"0\" allow=\"accelerometer; autoplay; clipboard-write; encrypted-media; gyroscope; picture-in-picture\" allowfullscreen><\/iframe><\/div>\n","protected":false},"excerpt":{"rendered":"<p>Il s&#8217;agit d&#8217;un paquet de cinq kits CTS &#8211; une \u00e9conomie de 34,96 $ ! Comprend le syst\u00e8me complet d&#8217;entra\u00eenement par compression, l&#8217;ebook [&hellip;]<\/p>\n","protected":false},"featured_media":0,"template":"","meta":[],"product_cat":[],"product_tag":[],"yoast_head":"<!-- This site is optimized with the Yoast SEO Premium plugin v18.6 (Yoast SEO v22.1) - https:\/\/yoast.com\/wordpress\/plugins\/seo\/ -->\n<title>Syst\u00e8me d&#039;entra\u00eenement par compression (paquet de 5) - Trumpet Legacy<\/title>\n<meta name=\"robots\" content=\"index, follow, max-snippet:-1, max-image-preview:large, max-video-preview:-1\" \/>\n<link rel=\"canonical\" href=\"https:\/\/www.trumpetlegacy.com\/product\/systeme-dentrainement-a-la-compression-pack-de-5\/\" \/>\n<meta property=\"og:locale\" content=\"es_ES\" \/>\n<meta property=\"og:type\" content=\"article\" \/>\n<meta property=\"og:title\" content=\"Syst\u00e8me d&#039;entra\u00eenement par compression (paquet de 5)\" \/>\n<meta property=\"og:description\" content=\"Il s&#8217;agit d&#8217;un paquet de cinq kits CTS &#8211; une \u00e9conomie de 34,96 $ ! Comprend le syst\u00e8me complet d&#8217;entra\u00eenement par compression, l&#8217;ebook [&hellip;]\" \/>\n<meta property=\"og:url\" content=\"https:\/\/www.trumpetlegacy.com\/product\/systeme-dentrainement-a-la-compression-pack-de-5\/\" \/>\n<meta property=\"og:site_name\" content=\"Trumpet Legacy\" \/>\n<meta property=\"article:publisher\" content=\"https:\/\/www.facebook.com\/larry.meregillano\" \/>\n<meta property=\"og:image\" content=\"https:\/\/trumpetlegacy.com\/wp-content\/uploads\/2020\/11\/cts-set-mockup-final-300x300.png\" \/>\n<meta name=\"twitter:card\" content=\"summary_large_image\" \/>\n<script type=\"application\/ld+json\" class=\"yoast-schema-graph\">{\"@context\":\"https:\/\/schema.org\",\"@graph\":[{\"@type\":\"WebPage\",\"@id\":\"https:\/\/www.trumpetlegacy.com\/product\/systeme-dentrainement-a-la-compression-pack-de-5\/\",\"url\":\"https:\/\/www.trumpetlegacy.com\/product\/systeme-dentrainement-a-la-compression-pack-de-5\/\",\"name\":\"Syst\u00e8me d'entra\u00eenement par compression (paquet de 5) - Trumpet Legacy\",\"isPartOf\":{\"@id\":\"https:\/\/www.trumpetlegacy.com\/fr\/#website\"},\"datePublished\":\"2021-03-23T13:49:59+00:00\",\"dateModified\":\"2021-03-23T13:49:59+00:00\",\"breadcrumb\":{\"@id\":\"https:\/\/www.trumpetlegacy.com\/product\/systeme-dentrainement-a-la-compression-pack-de-5\/#breadcrumb\"},\"inLanguage\":\"es\",\"potentialAction\":[{\"@type\":\"ReadAction\",\"target\":[\"https:\/\/www.trumpetlegacy.com\/product\/systeme-dentrainement-a-la-compression-pack-de-5\/\"]}]},{\"@type\":\"BreadcrumbList\",\"@id\":\"https:\/\/www.trumpetlegacy.com\/product\/systeme-dentrainement-a-la-compression-pack-de-5\/#breadcrumb\",\"itemListElement\":[{\"@type\":\"ListItem\",\"position\":1,\"name\":\"Home\",\"item\":\"https:\/\/www.trumpetlegacy.com\/es\/sistema-de-entrenamiento-por-compresion-para-instrumentos-de-viento-metal-y-madera\/\"},{\"@type\":\"ListItem\",\"position\":2,\"name\":\"Tienda\",\"item\":\"https:\/\/www.trumpetlegacy.com\/es\/tienda\/\"},{\"@type\":\"ListItem\",\"position\":3,\"name\":\"Syst\u00e8me d&#8217;entra\u00eenement par compression (paquet de 5)\"}]},{\"@type\":\"WebSite\",\"@id\":\"https:\/\/www.trumpetlegacy.com\/fr\/#website\",\"url\":\"https:\/\/www.trumpetlegacy.com\/fr\/\",\"name\":\"Trumpet Legacy\",\"description\":\"Trumpet Compression Training System, Books, Clinics, and Private Lessons\",\"publisher\":{\"@id\":\"https:\/\/www.trumpetlegacy.com\/fr\/#organization\"},\"potentialAction\":[{\"@type\":\"SearchAction\",\"target\":{\"@type\":\"EntryPoint\",\"urlTemplate\":\"https:\/\/www.trumpetlegacy.com\/fr\/?s={search_term_string}\"},\"query-input\":\"required name=search_term_string\"}],\"inLanguage\":\"es\"},{\"@type\":\"Organization\",\"@id\":\"https:\/\/www.trumpetlegacy.com\/fr\/#organization\",\"name\":\"Larry Meregillano \u2013 A Trumpet Legacy LLC\",\"url\":\"https:\/\/www.trumpetlegacy.com\/fr\/\",\"logo\":{\"@type\":\"ImageObject\",\"inLanguage\":\"es\",\"@id\":\"https:\/\/www.trumpetlegacy.com\/fr\/#\/schema\/logo\/image\/\",\"url\":\"https:\/\/www.trumpetlegacy.com\/wp-content\/uploads\/2021\/04\/Stamp-Logo-BW-300x300-1.png\",\"contentUrl\":\"https:\/\/www.trumpetlegacy.com\/wp-content\/uploads\/2021\/04\/Stamp-Logo-BW-300x300-1.png\",\"width\":300,\"height\":300,\"caption\":\"Larry Meregillano \u2013 A Trumpet Legacy LLC\"},\"image\":{\"@id\":\"https:\/\/www.trumpetlegacy.com\/fr\/#\/schema\/logo\/image\/\"},\"sameAs\":[\"https:\/\/www.facebook.com\/larry.meregillano\",\"https:\/\/www.youtube.com\/user\/LarryMeregillano\"]}]}<\/script>\n<!-- \/ Yoast SEO Premium plugin. -->","yoast_head_json":{"title":"Syst\u00e8me d'entra\u00eenement par compression (paquet de 5) - Trumpet Legacy","robots":{"index":"index","follow":"follow","max-snippet":"max-snippet:-1","max-image-preview":"max-image-preview:large","max-video-preview":"max-video-preview:-1"},"canonical":"https:\/\/www.trumpetlegacy.com\/product\/systeme-dentrainement-a-la-compression-pack-de-5\/","og_locale":"es_ES","og_type":"article","og_title":"Syst\u00e8me d'entra\u00eenement par compression (paquet de 5)","og_description":"Il s&#8217;agit d&#8217;un paquet de cinq kits CTS &#8211; une \u00e9conomie de 34,96 $ ! Comprend le syst\u00e8me complet d&#8217;entra\u00eenement par compression, l&#8217;ebook [&hellip;]","og_url":"https:\/\/www.trumpetlegacy.com\/product\/systeme-dentrainement-a-la-compression-pack-de-5\/","og_site_name":"Trumpet Legacy","article_publisher":"https:\/\/www.facebook.com\/larry.meregillano","og_image":[{"url":"https:\/\/trumpetlegacy.com\/wp-content\/uploads\/2020\/11\/cts-set-mockup-final-300x300.png"}],"twitter_card":"summary_large_image","schema":{"@context":"https:\/\/schema.org","@graph":[{"@type":"WebPage","@id":"https:\/\/www.trumpetlegacy.com\/product\/systeme-dentrainement-a-la-compression-pack-de-5\/","url":"https:\/\/www.trumpetlegacy.com\/product\/systeme-dentrainement-a-la-compression-pack-de-5\/","name":"Syst\u00e8me d'entra\u00eenement par compression (paquet de 5) - Trumpet Legacy","isPartOf":{"@id":"https:\/\/www.trumpetlegacy.com\/fr\/#website"},"datePublished":"2021-03-23T13:49:59+00:00","dateModified":"2021-03-23T13:49:59+00:00","breadcrumb":{"@id":"https:\/\/www.trumpetlegacy.com\/product\/systeme-dentrainement-a-la-compression-pack-de-5\/#breadcrumb"},"inLanguage":"es","potentialAction":[{"@type":"ReadAction","target":["https:\/\/www.trumpetlegacy.com\/product\/systeme-dentrainement-a-la-compression-pack-de-5\/"]}]},{"@type":"BreadcrumbList","@id":"https:\/\/www.trumpetlegacy.com\/product\/systeme-dentrainement-a-la-compression-pack-de-5\/#breadcrumb","itemListElement":[{"@type":"ListItem","position":1,"name":"Home","item":"https:\/\/www.trumpetlegacy.com\/es\/sistema-de-entrenamiento-por-compresion-para-instrumentos-de-viento-metal-y-madera\/"},{"@type":"ListItem","position":2,"name":"Tienda","item":"https:\/\/www.trumpetlegacy.com\/es\/tienda\/"},{"@type":"ListItem","position":3,"name":"Syst\u00e8me d&#8217;entra\u00eenement par compression (paquet de 5)"}]},{"@type":"WebSite","@id":"https:\/\/www.trumpetlegacy.com\/fr\/#website","url":"https:\/\/www.trumpetlegacy.com\/fr\/","name":"Trumpet Legacy","description":"Trumpet Compression Training System, Books, Clinics, and Private Lessons","publisher":{"@id":"https:\/\/www.trumpetlegacy.com\/fr\/#organization"},"potentialAction":[{"@type":"SearchAction","target":{"@type":"EntryPoint","urlTemplate":"https:\/\/www.trumpetlegacy.com\/fr\/?s={search_term_string}"},"query-input":"required name=search_term_string"}],"inLanguage":"es"},{"@type":"Organization","@id":"https:\/\/www.trumpetlegacy.com\/fr\/#organization","name":"Larry Meregillano \u2013 A Trumpet Legacy LLC","url":"https:\/\/www.trumpetlegacy.com\/fr\/","logo":{"@type":"ImageObject","inLanguage":"es","@id":"https:\/\/www.trumpetlegacy.com\/fr\/#\/schema\/logo\/image\/","url":"https:\/\/www.trumpetlegacy.com\/wp-content\/uploads\/2021\/04\/Stamp-Logo-BW-300x300-1.png","contentUrl":"https:\/\/www.trumpetlegacy.com\/wp-content\/uploads\/2021\/04\/Stamp-Logo-BW-300x300-1.png","width":300,"height":300,"caption":"Larry Meregillano \u2013 A Trumpet Legacy LLC"},"image":{"@id":"https:\/\/www.trumpetlegacy.com\/fr\/#\/schema\/logo\/image\/"},"sameAs":["https:\/\/www.facebook.com\/larry.meregillano","https:\/\/www.youtube.com\/user\/LarryMeregillano"]}]}},"jetpack_sharing_enabled":true,"_links":{"self":[{"href":"https:\/\/www.trumpetlegacy.com\/es\/wp-json\/wp\/v2\/product\/5188"}],"collection":[{"href":"https:\/\/www.trumpetlegacy.com\/es\/wp-json\/wp\/v2\/product"}],"about":[{"href":"https:\/\/www.trumpetlegacy.com\/es\/wp-json\/wp\/v2\/types\/product"}],"wp:attachment":[{"href":"https:\/\/www.trumpetlegacy.com\/es\/wp-json\/wp\/v2\/media?parent=5188"}],"wp:term":[{"taxonomy":"product_cat","embeddable":true,"href":"https:\/\/www.trumpetlegacy.com\/es\/wp-json\/wp\/v2\/product_cat?post=5188"},{"taxonomy":"product_tag","embeddable":true,"href":"https:\/\/www.trumpetlegacy.com\/es\/wp-json\/wp\/v2\/product_tag?post=5188"}],"curies":[{"name":"wp","href":"https:\/\/api.w.org\/{rel}","templated":true}]}}