{"id":5009,"date":"2021-03-23T06:27:31","date_gmt":"2021-03-23T13:27:31","guid":{"rendered":"https:\/\/trumpetlegacy.com\/lecons-de-trompette\/"},"modified":"2021-04-22T18:57:23","modified_gmt":"2021-04-23T01:57:23","slug":"lecons-de-trompette","status":"publish","type":"page","link":"https:\/\/www.trumpetlegacy.com\/fr\/lecons-de-trompette\/","title":{"rendered":"Le\u00e7ons de trompette"},"content":{"rendered":"<p><div class=\"fusion-fullwidth fullwidth-box fusion-builder-row-1 fusion-flex-container nonhundred-percent-fullwidth non-hundred-percent-height-scrolling\" style=\"--awb-border-radius-top-left:0px;--awb-border-radius-top-right:0px;--awb-border-radius-bottom-right:0px;--awb-border-radius-bottom-left:0px;--awb-flex-wrap:wrap;\" ><div class=\"fusion-builder-row fusion-row fusion-flex-align-items-flex-start fusion-flex-content-wrap\" style=\"max-width:1216.8px;margin-left: calc(-4% \/ 2 );margin-right: calc(-4% \/ 2 );\"><div class=\"fusion-layout-column fusion_builder_column fusion-builder-column-0 fusion_builder_column_1_1 1_1 fusion-flex-column\" style=\"--awb-bg-size:cover;--awb-width-large:100%;--awb-margin-top-large:0px;--awb-spacing-right-large:1.92%;--awb-margin-bottom-large:20px;--awb-spacing-left-large:1.92%;--awb-width-medium:100%;--awb-order-medium:0;--awb-spacing-right-medium:1.92%;--awb-spacing-left-medium:1.92%;--awb-width-small:100%;--awb-order-small:0;--awb-spacing-right-small:1.92%;--awb-spacing-left-small:1.92%;\"><div class=\"fusion-column-wrapper fusion-column-has-shadow fusion-flex-justify-content-flex-start fusion-content-layout-column\"><div class=\"fusion-title title fusion-title-1 fusion-title-center fusion-title-text fusion-title-size-one\" style=\"--awb-sep-color:#607d8b;\"><div class=\"title-sep-container title-sep-container-left\"><div class=\"title-sep sep-single sep-solid\" style=\"border-color:#607d8b;\"><\/div><\/div><span class=\"awb-title-spacer\"><\/span><h1 class=\"fusion-title-heading title-heading-center fusion-responsive-typography-calculated\" style=\"margin:0;--fontSize:60;line-height:1.17;\">Le\u00e7ons de trompette<\/h1><span class=\"awb-title-spacer\"><\/span><div class=\"title-sep-container title-sep-container-right\"><div class=\"title-sep sep-single sep-solid\" style=\"border-color:#607d8b;\"><\/div><\/div><\/div><div class=\"fusion-text fusion-text-1\"><p>En raison de la demande \u00e9crasante de personnes du monde entier, Larry propose d\u00e9sormais des le\u00e7ons de trompette en ligne. Gr\u00e2ce au chat vid\u00e9o en ligne, vous pouvez \u00e9tudier avec Larry Meregillano o\u00f9 que vous soyez dans le monde.<\/p>\n<p>Apr\u00e8s avoir achet\u00e9 la dur\u00e9e et le nombre de le\u00e7ons que vous souhaitez, Larry vous contactera pour fixer un horaire pour votre ou vos le\u00e7ons de trompette.<\/p>\n<p>Consultez la cha\u00eene YouTube de Larry pour voir de br\u00e8ves d\u00e9monstrations des concepts que vous apprendrez en \u00e9tudiant la trompette avec Larry.<\/p>\n<\/div><\/div><\/div><\/div><\/div><div class=\"fusion-fullwidth fullwidth-box fusion-builder-row-2 fusion-flex-container nonhundred-percent-fullwidth non-hundred-percent-height-scrolling\" style=\"--awb-border-radius-top-left:0px;--awb-border-radius-top-right:0px;--awb-border-radius-bottom-right:0px;--awb-border-radius-bottom-left:0px;--awb-flex-wrap:wrap;\" ><div class=\"fusion-builder-row fusion-row fusion-flex-align-items-flex-start fusion-flex-justify-content-center fusion-flex-content-wrap\" style=\"max-width:1216.8px;margin-left: calc(-4% \/ 2 );margin-right: calc(-4% \/ 2 );\"><div class=\"fusion-layout-column fusion_builder_column fusion-builder-column-1 fusion_builder_column_1_2 1_2 fusion-flex-column\" style=\"--awb-bg-size:cover;--awb-border-color:#607d8b;--awb-border-style:solid;--awb-width-large:50%;--awb-margin-top-large:0px;--awb-spacing-right-large:3.84%;--awb-margin-bottom-large:20px;--awb-spacing-left-large:3.84%;--awb-width-medium:100%;--awb-order-medium:0;--awb-spacing-right-medium:1.92%;--awb-spacing-left-medium:1.92%;--awb-width-small:100%;--awb-order-small:0;--awb-spacing-right-small:1.92%;--awb-spacing-left-small:1.92%;\"><div class=\"fusion-column-wrapper fusion-column-has-shadow fusion-flex-justify-content-flex-start fusion-content-layout-column\"><div class=\"fusion-text fusion-text-2\"><p>Utilisez les boutons ci-dessous pour acheter des le\u00e7ons de trompette en ligne :<\/p>\n<\/div><form action=\"https:\/\/www.paypal.com\/us\/cgi-bin\/webscr\" method=\"post\" name=\"_xclick\">\n\t<input type=\"hidden\" name=\"cmd\" value=\"_cart\">\n\t<input type=\"hidden\" name=\"add\" value=\"1\">\n\t<input type=\"hidden\" name=\"business\" value=\"trumpetsprayer@gmail.com\">\n\t<input type=\"hidden\" name=\"currency_code\" value=\"USD\">\n\t<input type=\"hidden\" name=\"item_name\" value=\"30-Minute Compression Training System Introductory Trumpet Lesson with Larry Meregillano\">\n\t<input type=\"hidden\" name=\"amount\" value=\"30.00\">\n\t<input type=\"hidden\" name=\"cancel_return\" value=\"https:\/\/trumpetlegacy.com\/trumpet-lessons-with-larry-meregillano\/\">\n\t<input class=\"fusion-button button-flat fusion-button-default-size button-default button-1 fusion-button-span-yes fusion-button-default-type\" type=\"submit\" name=\"submit\" value=\"30-Minute CTS Introductory Lesson \u2014 $30\">\n<\/form><div class=\"fusion-separator fusion-full-width-sep\" style=\"align-self: center;margin-left: auto;margin-right: auto;margin-top:20px;width:100%;\"><\/div><form action=\"https:\/\/www.paypal.com\/us\/cgi-bin\/webscr\" method=\"post\" name=\"_xclick\">\n\t<input type=\"hidden\" name=\"cmd\" value=\"_cart\">\n\t<input type=\"hidden\" name=\"add\" value=\"1\">\n\t<input type=\"hidden\" name=\"business\" value=\"trumpetsprayer@gmail.com\">\n\t<input type=\"hidden\" name=\"currency_code\" value=\"USD\">\n\t<input type=\"hidden\" name=\"item_name\" value=\"30-Minute Trumpet Lesson with Larry Meregillano\">\n\t<input type=\"hidden\" name=\"amount\" value=\"40.00\">\n\t<input type=\"hidden\" name=\"cancel_return\" value=\"https:\/\/trumpetlegacy.com\/trumpet-lessons-with-larry-meregillano\/\">\n\t<input class=\"fusion-button button-flat fusion-button-default-size button-default button-1 fusion-button-span-yes fusion-button-default-type\" type=\"submit\" name=\"submit\" value=\"30 Minute Online Trumpet Lesson \u2014 $40\">\n<\/form><div class=\"fusion-separator fusion-full-width-sep\" style=\"align-self: center;margin-left: auto;margin-right: auto;margin-top:20px;width:100%;\"><\/div><form action=\"https:\/\/www.paypal.com\/us\/cgi-bin\/webscr\" method=\"post\" name=\"_xclick\">\n\t<input type=\"hidden\" name=\"cmd\" value=\"_cart\">\n\t<input type=\"hidden\" name=\"add\" value=\"1\">\n\t<input type=\"hidden\" name=\"business\" value=\"trumpetsprayer@gmail.com\">\n\t<input type=\"hidden\" name=\"currency_code\" value=\"USD\">\n\t<input type=\"hidden\" name=\"item_name\" value=\"One Hour Trumpet Lesson with Larry Meregillano\">\n\t<input type=\"hidden\" name=\"amount\" value=\"60.00\">\n\t<input type=\"hidden\" name=\"cancel_return\" value=\"https:\/\/trumpetlegacy.com\/trumpet-lessons-with-larry-meregillano\/\">\n\t<input class=\"fusion-button button-flat fusion-button-default-size button-default button-1 fusion-button-span-yes fusion-button-default-type\" type=\"submit\" name=\"submit\" value=\"One Hour Online Trumpet Lesson \u2014 $60\">\n<\/form><\/div><\/div><\/div><\/div><\/p>\n","protected":false},"excerpt":{"rendered":"","protected":false},"author":1,"featured_media":0,"parent":0,"menu_order":30,"comment_status":"closed","ping_status":"closed","template":"","meta":{"footnotes":""},"yoast_head":"<!-- This site is optimized with the Yoast SEO Premium plugin v18.6 (Yoast SEO v22.1) - https:\/\/yoast.com\/wordpress\/plugins\/seo\/ -->\n<title>Le\u00e7ons de trompette - Trumpet Legacy<\/title>\n<meta name=\"robots\" content=\"index, follow, max-snippet:-1, max-image-preview:large, max-video-preview:-1\" \/>\n<link rel=\"canonical\" href=\"https:\/\/www.trumpetlegacy.com\/fr\/lecons-de-trompette\/\" \/>\n<meta property=\"og:locale\" content=\"fr_FR\" \/>\n<meta property=\"og:type\" content=\"article\" \/>\n<meta property=\"og:title\" content=\"Le\u00e7ons de trompette\" \/>\n<meta property=\"og:url\" content=\"https:\/\/www.trumpetlegacy.com\/fr\/lecons-de-trompette\/\" \/>\n<meta property=\"og:site_name\" content=\"Trumpet Legacy\" \/>\n<meta property=\"article:publisher\" content=\"https:\/\/www.facebook.com\/larry.meregillano\" \/>\n<meta property=\"article:modified_time\" content=\"2021-04-23T01:57:23+00:00\" \/>\n<meta property=\"og:image\" content=\"https:\/\/www.trumpetlegacy.com\/wp-content\/uploads\/2021\/09\/CTS-Facebook-Image-1.png\" \/>\n\t<meta property=\"og:image:width\" content=\"3822\" \/>\n\t<meta property=\"og:image:height\" content=\"2000\" \/>\n\t<meta property=\"og:image:type\" content=\"image\/png\" \/>\n<meta name=\"twitter:card\" content=\"summary_large_image\" \/>\n<meta name=\"twitter:label1\" content=\"Dur\u00e9e de lecture estim\u00e9e\" \/>\n\t<meta name=\"twitter:data1\" content=\"8 minutes\" \/>\n<script type=\"application\/ld+json\" class=\"yoast-schema-graph\">{\"@context\":\"https:\/\/schema.org\",\"@graph\":[{\"@type\":\"WebPage\",\"@id\":\"https:\/\/www.trumpetlegacy.com\/fr\/lecons-de-trompette\/\",\"url\":\"https:\/\/www.trumpetlegacy.com\/fr\/lecons-de-trompette\/\",\"name\":\"Le\u00e7ons de trompette - Trumpet Legacy\",\"isPartOf\":{\"@id\":\"https:\/\/www.trumpetlegacy.com\/fr\/#website\"},\"datePublished\":\"2021-03-23T13:27:31+00:00\",\"dateModified\":\"2021-04-23T01:57:23+00:00\",\"breadcrumb\":{\"@id\":\"https:\/\/www.trumpetlegacy.com\/fr\/lecons-de-trompette\/#breadcrumb\"},\"inLanguage\":\"fr-FR\",\"potentialAction\":[{\"@type\":\"ReadAction\",\"target\":[\"https:\/\/www.trumpetlegacy.com\/fr\/lecons-de-trompette\/\"]}]},{\"@type\":\"BreadcrumbList\",\"@id\":\"https:\/\/www.trumpetlegacy.com\/fr\/lecons-de-trompette\/#breadcrumb\",\"itemListElement\":[{\"@type\":\"ListItem\",\"position\":1,\"name\":\"Home\",\"item\":\"https:\/\/www.trumpetlegacy.com\/\"},{\"@type\":\"ListItem\",\"position\":2,\"name\":\"Le\u00e7ons de trompette\"}]},{\"@type\":\"WebSite\",\"@id\":\"https:\/\/www.trumpetlegacy.com\/fr\/#website\",\"url\":\"https:\/\/www.trumpetlegacy.com\/fr\/\",\"name\":\"Trumpet Legacy\",\"description\":\"Trumpet Compression Training System, Books, Clinics, and Private Lessons\",\"publisher\":{\"@id\":\"https:\/\/www.trumpetlegacy.com\/fr\/#organization\"},\"potentialAction\":[{\"@type\":\"SearchAction\",\"target\":{\"@type\":\"EntryPoint\",\"urlTemplate\":\"https:\/\/www.trumpetlegacy.com\/fr\/?s={search_term_string}\"},\"query-input\":\"required name=search_term_string\"}],\"inLanguage\":\"fr-FR\"},{\"@type\":\"Organization\",\"@id\":\"https:\/\/www.trumpetlegacy.com\/fr\/#organization\",\"name\":\"Larry Meregillano \u2013 A Trumpet Legacy LLC\",\"url\":\"https:\/\/www.trumpetlegacy.com\/fr\/\",\"logo\":{\"@type\":\"ImageObject\",\"inLanguage\":\"fr-FR\",\"@id\":\"https:\/\/www.trumpetlegacy.com\/fr\/#\/schema\/logo\/image\/\",\"url\":\"https:\/\/www.trumpetlegacy.com\/wp-content\/uploads\/2021\/04\/Stamp-Logo-BW-300x300-1.png\",\"contentUrl\":\"https:\/\/www.trumpetlegacy.com\/wp-content\/uploads\/2021\/04\/Stamp-Logo-BW-300x300-1.png\",\"width\":300,\"height\":300,\"caption\":\"Larry Meregillano \u2013 A Trumpet Legacy LLC\"},\"image\":{\"@id\":\"https:\/\/www.trumpetlegacy.com\/fr\/#\/schema\/logo\/image\/\"},\"sameAs\":[\"https:\/\/www.facebook.com\/larry.meregillano\",\"https:\/\/www.youtube.com\/user\/LarryMeregillano\"]}]}<\/script>\n<!-- \/ Yoast SEO Premium plugin. -->","yoast_head_json":{"title":"Le\u00e7ons de trompette - Trumpet Legacy","robots":{"index":"index","follow":"follow","max-snippet":"max-snippet:-1","max-image-preview":"max-image-preview:large","max-video-preview":"max-video-preview:-1"},"canonical":"https:\/\/www.trumpetlegacy.com\/fr\/lecons-de-trompette\/","og_locale":"fr_FR","og_type":"article","og_title":"Le\u00e7ons de trompette","og_url":"https:\/\/www.trumpetlegacy.com\/fr\/lecons-de-trompette\/","og_site_name":"Trumpet Legacy","article_publisher":"https:\/\/www.facebook.com\/larry.meregillano","article_modified_time":"2021-04-23T01:57:23+00:00","og_image":[{"width":3822,"height":2000,"url":"https:\/\/www.trumpetlegacy.com\/wp-content\/uploads\/2021\/09\/CTS-Facebook-Image-1.png","type":"image\/png"}],"twitter_card":"summary_large_image","twitter_misc":{"Dur\u00e9e de lecture estim\u00e9e":"8 minutes"},"schema":{"@context":"https:\/\/schema.org","@graph":[{"@type":"WebPage","@id":"https:\/\/www.trumpetlegacy.com\/fr\/lecons-de-trompette\/","url":"https:\/\/www.trumpetlegacy.com\/fr\/lecons-de-trompette\/","name":"Le\u00e7ons de trompette - Trumpet Legacy","isPartOf":{"@id":"https:\/\/www.trumpetlegacy.com\/fr\/#website"},"datePublished":"2021-03-23T13:27:31+00:00","dateModified":"2021-04-23T01:57:23+00:00","breadcrumb":{"@id":"https:\/\/www.trumpetlegacy.com\/fr\/lecons-de-trompette\/#breadcrumb"},"inLanguage":"fr-FR","potentialAction":[{"@type":"ReadAction","target":["https:\/\/www.trumpetlegacy.com\/fr\/lecons-de-trompette\/"]}]},{"@type":"BreadcrumbList","@id":"https:\/\/www.trumpetlegacy.com\/fr\/lecons-de-trompette\/#breadcrumb","itemListElement":[{"@type":"ListItem","position":1,"name":"Home","item":"https:\/\/www.trumpetlegacy.com\/"},{"@type":"ListItem","position":2,"name":"Le\u00e7ons de trompette"}]},{"@type":"WebSite","@id":"https:\/\/www.trumpetlegacy.com\/fr\/#website","url":"https:\/\/www.trumpetlegacy.com\/fr\/","name":"Trumpet Legacy","description":"Trumpet Compression Training System, Books, Clinics, and Private Lessons","publisher":{"@id":"https:\/\/www.trumpetlegacy.com\/fr\/#organization"},"potentialAction":[{"@type":"SearchAction","target":{"@type":"EntryPoint","urlTemplate":"https:\/\/www.trumpetlegacy.com\/fr\/?s={search_term_string}"},"query-input":"required name=search_term_string"}],"inLanguage":"fr-FR"},{"@type":"Organization","@id":"https:\/\/www.trumpetlegacy.com\/fr\/#organization","name":"Larry Meregillano \u2013 A Trumpet Legacy LLC","url":"https:\/\/www.trumpetlegacy.com\/fr\/","logo":{"@type":"ImageObject","inLanguage":"fr-FR","@id":"https:\/\/www.trumpetlegacy.com\/fr\/#\/schema\/logo\/image\/","url":"https:\/\/www.trumpetlegacy.com\/wp-content\/uploads\/2021\/04\/Stamp-Logo-BW-300x300-1.png","contentUrl":"https:\/\/www.trumpetlegacy.com\/wp-content\/uploads\/2021\/04\/Stamp-Logo-BW-300x300-1.png","width":300,"height":300,"caption":"Larry Meregillano \u2013 A Trumpet Legacy LLC"},"image":{"@id":"https:\/\/www.trumpetlegacy.com\/fr\/#\/schema\/logo\/image\/"},"sameAs":["https:\/\/www.facebook.com\/larry.meregillano","https:\/\/www.youtube.com\/user\/LarryMeregillano"]}]}},"jetpack_sharing_enabled":true,"_links":{"self":[{"href":"https:\/\/www.trumpetlegacy.com\/fr\/wp-json\/wp\/v2\/pages\/5009"}],"collection":[{"href":"https:\/\/www.trumpetlegacy.com\/fr\/wp-json\/wp\/v2\/pages"}],"about":[{"href":"https:\/\/www.trumpetlegacy.com\/fr\/wp-json\/wp\/v2\/types\/page"}],"author":[{"embeddable":true,"href":"https:\/\/www.trumpetlegacy.com\/fr\/wp-json\/wp\/v2\/users\/1"}],"replies":[{"embeddable":true,"href":"https:\/\/www.trumpetlegacy.com\/fr\/wp-json\/wp\/v2\/comments?post=5009"}],"version-history":[{"count":0,"href":"https:\/\/www.trumpetlegacy.com\/fr\/wp-json\/wp\/v2\/pages\/5009\/revisions"}],"wp:attachment":[{"href":"https:\/\/www.trumpetlegacy.com\/fr\/wp-json\/wp\/v2\/media?parent=5009"}],"curies":[{"name":"wp","href":"https:\/\/api.w.org\/{rel}","templated":true}]}}