{"id":5050,"date":"2021-03-23T06:27:40","date_gmt":"2021-03-23T13:27:40","guid":{"rendered":"https:\/\/trumpetlegacy.com\/espace-membres\/video-et-livre-electronique-sur-le-systeme-de-formation-a-la-compression\/"},"modified":"2021-08-07T13:30:21","modified_gmt":"2021-08-07T20:30:21","slug":"video-et-livre-electronique-sur-le-systeme-de-formation-a-la-compression","status":"publish","type":"page","link":"https:\/\/www.trumpetlegacy.com\/fr\/espace-membres\/video-et-livre-electronique-sur-le-systeme-de-formation-a-la-compression\/","title":{"rendered":"Vid\u00e9o et livre \u00e9lectronique sur le syst\u00e8me de formation \u00e0 la compression"},"content":{"rendered":"<div class=\"fusion-fullwidth fullwidth-box fusion-builder-row-1 fusion-flex-container nonhundred-percent-fullwidth non-hundred-percent-height-scrolling\" style=\"--awb-border-radius-top-left:0px;--awb-border-radius-top-right:0px;--awb-border-radius-bottom-right:0px;--awb-border-radius-bottom-left:0px;--awb-flex-wrap:wrap;\" ><div class=\"fusion-builder-row fusion-row fusion-flex-align-items-flex-start fusion-flex-content-wrap\" style=\"max-width:1216.8px;margin-left: calc(-4% \/ 2 );margin-right: calc(-4% \/ 2 );\"><div class=\"fusion-layout-column fusion_builder_column fusion-builder-column-0 fusion_builder_column_1_1 1_1 fusion-flex-column\" style=\"--awb-bg-size:cover;--awb-width-large:100%;--awb-margin-top-large:0px;--awb-spacing-right-large:1.92%;--awb-margin-bottom-large:0px;--awb-spacing-left-large:1.92%;--awb-width-medium:100%;--awb-spacing-right-medium:1.92%;--awb-spacing-left-medium:1.92%;--awb-width-small:100%;--awb-spacing-right-small:1.92%;--awb-spacing-left-small:1.92%;\"><div class=\"fusion-column-wrapper fusion-flex-justify-content-flex-start fusion-content-layout-column\"><div class=\"fusion-title title fusion-title-1 fusion-title-center fusion-title-text fusion-title-size-two\"><div class=\"title-sep-container title-sep-container-left\"><div class=\"title-sep sep- sep-solid\" style=\"border-color:#e0dede;\"><\/div><\/div><span class=\"awb-title-spacer\"><\/span><h2 class=\"fusion-title-heading title-heading-center fusion-responsive-typography-calculated\" style=\"margin:0;--fontSize:26;line-height:1.69;\">Compression Training System Members Area<\/h2><span class=\"awb-title-spacer\"><\/span><div class=\"title-sep-container title-sep-container-right\"><div class=\"title-sep sep- sep-solid\" style=\"border-color:#e0dede;\"><\/div><\/div><\/div><div class=\"fusion-text fusion-text-1\"><p>Au cours des derni\u00e8res ann\u00e9es, j&rsquo;ai travaill\u00e9 dans le but de concr\u00e9tiser le syst\u00e8me d&rsquo;entra\u00eenement par compression. Le processus a \u00e9t\u00e9 long et ardu. J&rsquo;ai enfin r\u00e9ussi \u00e0 s\u00e9parer les aspects physiques du jeu des aspects musicaux de la production du son. Nous pouvons maintenant nous concentrer sur l&rsquo;acquisition de la force de l&#8217;embouchure en abordant la croissance musculaire de la m\u00eame mani\u00e8re que nous abordons n&rsquo;importe quel autre muscle de notre corps. Cette capacit\u00e9 repr\u00e9sente un bond en avant monumental pour les cuivres.<\/p>\n<p>Vous trouverez ci-dessous la vid\u00e9o d&rsquo;instruction de mon syst\u00e8me d&rsquo;entra\u00eenement \u00e0 la compression ainsi qu&rsquo;un eBook contenant des explications et des exercices.<\/p>\n<\/div><div class=\"fusion-video fusion-vimeo\" style=\"--awb-max-width:1600px;--awb-max-height:900px;\"><div class=\"video-shortcode\"><div class=\"fluid-width-video-wrapper\" style=\"padding-top:56.25%;\" ><iframe title=\"Vimeo video player 1\" src=\"https:\/\/player.vimeo.com\/video\/494884899?autoplay=0&autopause=0\" width=\"1600\" height=\"900\" allowfullscreen allow=\"autoplay; fullscreen\"><\/iframe><\/div><\/div><\/div><div class=\"fusion-video fusion-vimeo\" style=\"--awb-max-width:1600px;--awb-max-height:900px;\"><div class=\"video-shortcode\"><div class=\"fluid-width-video-wrapper\" style=\"padding-top:56.25%;\" ><iframe title=\"Vimeo video player 2\" src=\"https:\/\/player.vimeo.com\/video\/578554374?autoplay=0&autopause=0\" width=\"1600\" height=\"900\" allowfullscreen allow=\"autoplay; fullscreen\"><\/iframe><\/div><\/div><\/div><div class=\"fusion-text fusion-text-2\"><p style=\"margin-top: 40px;\"><a class=\"underline\" href=\"\/wp-content\/uploads\/2021\/08\/CTS-Francais.pdf\">CTS &#8211; Francais &#8211; T\u00e9l\u00e9charger le PDF<\/a><\/p>\n<p><a href=\"\/wp-content\/uploads\/2021\/08\/CTS-Francais.pdf\" class=\"pdfemb-viewer\" style=\"\" data-width=\"max\" data-height=\"max\" data-toolbar=\"bottom\" data-toolbar-fixed=\"on\">CTS-Francais<\/a><\/p>\n<p class=\"wp-block-pdfemb-pdf-embedder-viewer\">\u00a0<\/p>\n<\/p>\n<p>&nbsp;<\/p>\n<\/div><\/div><\/div><\/div><\/div>","protected":false},"excerpt":{"rendered":"","protected":false},"author":1,"featured_media":0,"parent":5043,"menu_order":0,"comment_status":"closed","ping_status":"closed","template":"","meta":{"footnotes":""},"yoast_head":"<!-- This site is optimized with the Yoast SEO Premium plugin v18.6 (Yoast SEO v22.1) - https:\/\/yoast.com\/wordpress\/plugins\/seo\/ -->\n<title>Vid\u00e9o et livre \u00e9lectronique sur le syst\u00e8me de formation \u00e0 la compression - Trumpet Legacy<\/title>\n<meta name=\"robots\" content=\"index, follow, max-snippet:-1, max-image-preview:large, max-video-preview:-1\" \/>\n<link rel=\"canonical\" href=\"https:\/\/www.trumpetlegacy.com\/fr\/espace-membres\/video-et-livre-electronique-sur-le-systeme-de-formation-a-la-compression\/\" \/>\n<meta property=\"og:locale\" content=\"fr_FR\" \/>\n<meta property=\"og:type\" content=\"article\" \/>\n<meta property=\"og:title\" content=\"Vid\u00e9o et livre \u00e9lectronique sur le syst\u00e8me de formation \u00e0 la compression\" \/>\n<meta property=\"og:url\" content=\"https:\/\/www.trumpetlegacy.com\/fr\/espace-membres\/video-et-livre-electronique-sur-le-systeme-de-formation-a-la-compression\/\" \/>\n<meta property=\"og:site_name\" content=\"Trumpet Legacy\" \/>\n<meta property=\"article:publisher\" content=\"https:\/\/www.facebook.com\/larry.meregillano\" \/>\n<meta property=\"article:modified_time\" content=\"2021-08-07T20:30:21+00:00\" \/>\n<meta property=\"og:image\" content=\"https:\/\/www.trumpetlegacy.com\/wp-content\/uploads\/2021\/09\/CTS-Facebook-Image-1.png\" \/>\n\t<meta property=\"og:image:width\" content=\"3822\" \/>\n\t<meta property=\"og:image:height\" content=\"2000\" \/>\n\t<meta property=\"og:image:type\" content=\"image\/png\" \/>\n<meta name=\"twitter:card\" content=\"summary_large_image\" \/>\n<meta name=\"twitter:label1\" content=\"Dur\u00e9e de lecture estim\u00e9e\" \/>\n\t<meta name=\"twitter:data1\" content=\"2 minutes\" \/>\n<script type=\"application\/ld+json\" class=\"yoast-schema-graph\">{\"@context\":\"https:\/\/schema.org\",\"@graph\":[{\"@type\":\"WebPage\",\"@id\":\"https:\/\/www.trumpetlegacy.com\/fr\/espace-membres\/video-et-livre-electronique-sur-le-systeme-de-formation-a-la-compression\/\",\"url\":\"https:\/\/www.trumpetlegacy.com\/fr\/espace-membres\/video-et-livre-electronique-sur-le-systeme-de-formation-a-la-compression\/\",\"name\":\"Vid\u00e9o et livre \u00e9lectronique sur le syst\u00e8me de formation \u00e0 la compression - Trumpet Legacy\",\"isPartOf\":{\"@id\":\"https:\/\/www.trumpetlegacy.com\/fr\/#website\"},\"datePublished\":\"2021-03-23T13:27:40+00:00\",\"dateModified\":\"2021-08-07T20:30:21+00:00\",\"breadcrumb\":{\"@id\":\"https:\/\/www.trumpetlegacy.com\/fr\/espace-membres\/video-et-livre-electronique-sur-le-systeme-de-formation-a-la-compression\/#breadcrumb\"},\"inLanguage\":\"fr-FR\",\"potentialAction\":[{\"@type\":\"ReadAction\",\"target\":[\"https:\/\/www.trumpetlegacy.com\/fr\/espace-membres\/video-et-livre-electronique-sur-le-systeme-de-formation-a-la-compression\/\"]}]},{\"@type\":\"BreadcrumbList\",\"@id\":\"https:\/\/www.trumpetlegacy.com\/fr\/espace-membres\/video-et-livre-electronique-sur-le-systeme-de-formation-a-la-compression\/#breadcrumb\",\"itemListElement\":[{\"@type\":\"ListItem\",\"position\":1,\"name\":\"Home\",\"item\":\"https:\/\/www.trumpetlegacy.com\/\"},{\"@type\":\"ListItem\",\"position\":2,\"name\":\"Espace membres\",\"item\":\"https:\/\/www.trumpetlegacy.com\/fr\/espace-membres\/\"},{\"@type\":\"ListItem\",\"position\":3,\"name\":\"Vid\u00e9o et livre \u00e9lectronique sur le syst\u00e8me de formation \u00e0 la compression\"}]},{\"@type\":\"WebSite\",\"@id\":\"https:\/\/www.trumpetlegacy.com\/fr\/#website\",\"url\":\"https:\/\/www.trumpetlegacy.com\/fr\/\",\"name\":\"Trumpet Legacy\",\"description\":\"Trumpet Compression Training System, Books, Clinics, and Private Lessons\",\"publisher\":{\"@id\":\"https:\/\/www.trumpetlegacy.com\/fr\/#organization\"},\"potentialAction\":[{\"@type\":\"SearchAction\",\"target\":{\"@type\":\"EntryPoint\",\"urlTemplate\":\"https:\/\/www.trumpetlegacy.com\/fr\/?s={search_term_string}\"},\"query-input\":\"required name=search_term_string\"}],\"inLanguage\":\"fr-FR\"},{\"@type\":\"Organization\",\"@id\":\"https:\/\/www.trumpetlegacy.com\/fr\/#organization\",\"name\":\"Larry Meregillano \u2013 A Trumpet Legacy LLC\",\"url\":\"https:\/\/www.trumpetlegacy.com\/fr\/\",\"logo\":{\"@type\":\"ImageObject\",\"inLanguage\":\"fr-FR\",\"@id\":\"https:\/\/www.trumpetlegacy.com\/fr\/#\/schema\/logo\/image\/\",\"url\":\"https:\/\/www.trumpetlegacy.com\/wp-content\/uploads\/2021\/04\/Stamp-Logo-BW-300x300-1.png\",\"contentUrl\":\"https:\/\/www.trumpetlegacy.com\/wp-content\/uploads\/2021\/04\/Stamp-Logo-BW-300x300-1.png\",\"width\":300,\"height\":300,\"caption\":\"Larry Meregillano \u2013 A Trumpet Legacy LLC\"},\"image\":{\"@id\":\"https:\/\/www.trumpetlegacy.com\/fr\/#\/schema\/logo\/image\/\"},\"sameAs\":[\"https:\/\/www.facebook.com\/larry.meregillano\",\"https:\/\/www.youtube.com\/user\/LarryMeregillano\"]}]}<\/script>\n<!-- \/ Yoast SEO Premium plugin. -->","yoast_head_json":{"title":"Vid\u00e9o et livre \u00e9lectronique sur le syst\u00e8me de formation \u00e0 la compression - Trumpet Legacy","robots":{"index":"index","follow":"follow","max-snippet":"max-snippet:-1","max-image-preview":"max-image-preview:large","max-video-preview":"max-video-preview:-1"},"canonical":"https:\/\/www.trumpetlegacy.com\/fr\/espace-membres\/video-et-livre-electronique-sur-le-systeme-de-formation-a-la-compression\/","og_locale":"fr_FR","og_type":"article","og_title":"Vid\u00e9o et livre \u00e9lectronique sur le syst\u00e8me de formation \u00e0 la compression","og_url":"https:\/\/www.trumpetlegacy.com\/fr\/espace-membres\/video-et-livre-electronique-sur-le-systeme-de-formation-a-la-compression\/","og_site_name":"Trumpet Legacy","article_publisher":"https:\/\/www.facebook.com\/larry.meregillano","article_modified_time":"2021-08-07T20:30:21+00:00","og_image":[{"width":3822,"height":2000,"url":"https:\/\/www.trumpetlegacy.com\/wp-content\/uploads\/2021\/09\/CTS-Facebook-Image-1.png","type":"image\/png"}],"twitter_card":"summary_large_image","twitter_misc":{"Dur\u00e9e de lecture estim\u00e9e":"2 minutes"},"schema":{"@context":"https:\/\/schema.org","@graph":[{"@type":"WebPage","@id":"https:\/\/www.trumpetlegacy.com\/fr\/espace-membres\/video-et-livre-electronique-sur-le-systeme-de-formation-a-la-compression\/","url":"https:\/\/www.trumpetlegacy.com\/fr\/espace-membres\/video-et-livre-electronique-sur-le-systeme-de-formation-a-la-compression\/","name":"Vid\u00e9o et livre \u00e9lectronique sur le syst\u00e8me de formation \u00e0 la compression - Trumpet Legacy","isPartOf":{"@id":"https:\/\/www.trumpetlegacy.com\/fr\/#website"},"datePublished":"2021-03-23T13:27:40+00:00","dateModified":"2021-08-07T20:30:21+00:00","breadcrumb":{"@id":"https:\/\/www.trumpetlegacy.com\/fr\/espace-membres\/video-et-livre-electronique-sur-le-systeme-de-formation-a-la-compression\/#breadcrumb"},"inLanguage":"fr-FR","potentialAction":[{"@type":"ReadAction","target":["https:\/\/www.trumpetlegacy.com\/fr\/espace-membres\/video-et-livre-electronique-sur-le-systeme-de-formation-a-la-compression\/"]}]},{"@type":"BreadcrumbList","@id":"https:\/\/www.trumpetlegacy.com\/fr\/espace-membres\/video-et-livre-electronique-sur-le-systeme-de-formation-a-la-compression\/#breadcrumb","itemListElement":[{"@type":"ListItem","position":1,"name":"Home","item":"https:\/\/www.trumpetlegacy.com\/"},{"@type":"ListItem","position":2,"name":"Espace membres","item":"https:\/\/www.trumpetlegacy.com\/fr\/espace-membres\/"},{"@type":"ListItem","position":3,"name":"Vid\u00e9o et livre \u00e9lectronique sur le syst\u00e8me de formation \u00e0 la compression"}]},{"@type":"WebSite","@id":"https:\/\/www.trumpetlegacy.com\/fr\/#website","url":"https:\/\/www.trumpetlegacy.com\/fr\/","name":"Trumpet Legacy","description":"Trumpet Compression Training System, Books, Clinics, and Private Lessons","publisher":{"@id":"https:\/\/www.trumpetlegacy.com\/fr\/#organization"},"potentialAction":[{"@type":"SearchAction","target":{"@type":"EntryPoint","urlTemplate":"https:\/\/www.trumpetlegacy.com\/fr\/?s={search_term_string}"},"query-input":"required name=search_term_string"}],"inLanguage":"fr-FR"},{"@type":"Organization","@id":"https:\/\/www.trumpetlegacy.com\/fr\/#organization","name":"Larry Meregillano \u2013 A Trumpet Legacy LLC","url":"https:\/\/www.trumpetlegacy.com\/fr\/","logo":{"@type":"ImageObject","inLanguage":"fr-FR","@id":"https:\/\/www.trumpetlegacy.com\/fr\/#\/schema\/logo\/image\/","url":"https:\/\/www.trumpetlegacy.com\/wp-content\/uploads\/2021\/04\/Stamp-Logo-BW-300x300-1.png","contentUrl":"https:\/\/www.trumpetlegacy.com\/wp-content\/uploads\/2021\/04\/Stamp-Logo-BW-300x300-1.png","width":300,"height":300,"caption":"Larry Meregillano \u2013 A Trumpet Legacy LLC"},"image":{"@id":"https:\/\/www.trumpetlegacy.com\/fr\/#\/schema\/logo\/image\/"},"sameAs":["https:\/\/www.facebook.com\/larry.meregillano","https:\/\/www.youtube.com\/user\/LarryMeregillano"]}]}},"jetpack_sharing_enabled":true,"_links":{"self":[{"href":"https:\/\/www.trumpetlegacy.com\/fr\/wp-json\/wp\/v2\/pages\/5050"}],"collection":[{"href":"https:\/\/www.trumpetlegacy.com\/fr\/wp-json\/wp\/v2\/pages"}],"about":[{"href":"https:\/\/www.trumpetlegacy.com\/fr\/wp-json\/wp\/v2\/types\/page"}],"author":[{"embeddable":true,"href":"https:\/\/www.trumpetlegacy.com\/fr\/wp-json\/wp\/v2\/users\/1"}],"replies":[{"embeddable":true,"href":"https:\/\/www.trumpetlegacy.com\/fr\/wp-json\/wp\/v2\/comments?post=5050"}],"version-history":[{"count":0,"href":"https:\/\/www.trumpetlegacy.com\/fr\/wp-json\/wp\/v2\/pages\/5050\/revisions"}],"up":[{"embeddable":true,"href":"https:\/\/www.trumpetlegacy.com\/fr\/wp-json\/wp\/v2\/pages\/5043"}],"wp:attachment":[{"href":"https:\/\/www.trumpetlegacy.com\/fr\/wp-json\/wp\/v2\/media?parent=5050"}],"curies":[{"name":"wp","href":"https:\/\/api.w.org\/{rel}","templated":true}]}}