{"id":5137,"date":"2020-11-24T13:09:02","date_gmt":"2021-03-23T13:49:22","guid":{"rendered":"https:\/\/trumpetlegacy.com\/shop\/systeme-dentrainement-par-compression-paquet-de-10\/"},"modified":"2021-04-13T06:41:41","modified_gmt":"2021-04-13T13:41:41","slug":"pack-de-10-systemes-de-formation-a-la-compression","status":"publish","type":"product","link":"https:\/\/www.trumpetlegacy.com\/fr\/product\/pack-de-10-systemes-de-formation-a-la-compression\/","title":{"rendered":"Syst\u00e8me d&rsquo;entra\u00eenement par compression (paquet de 10)"},"content":{"rendered":"<p>Il s&rsquo;agit d&rsquo;un paquet de dix kits du syst\u00e8me d&rsquo;entra\u00eenement par compression &#8211; une \u00e9conomie de 74,91 $ !<\/p>\n<p><img decoding=\"async\" class=\"alignnone size-medium wp-image-1020\" src=\"\/wp-content\/uploads\/2020\/11\/cts-set-mockup-final-300x300.png\" alt=\"cts-set-mockup-final\" width=\"300\" height=\"300\"><\/p>\n<p>Comprend le syst\u00e8me complet d&rsquo;entra\u00eenement par compression, l&rsquo;ebook num\u00e9rique, les didacticiels vid\u00e9o, l&rsquo;\u00e9tui personnalis\u00e9 pour embouchure de trompette, le sac de transport et l&rsquo;entra\u00eeneur personnalis\u00e9 du syst\u00e8me d&rsquo;entra\u00eenement par compression.<\/p>\n<p>&nbsp;<\/p>\n<p>Vid\u00e9o Kickstarter ci-dessous<\/p>\n<div class=\"video-shortcode\"><iframe title=\"Compression Training System Kickstarter Video\" width=\"1170\" height=\"658\" src=\"https:\/\/www.youtube.com\/embed\/88WyCaAsjok?feature=oembed\" frameborder=\"0\" allow=\"accelerometer; autoplay; clipboard-write; encrypted-media; gyroscope; picture-in-picture\" allowfullscreen><\/iframe><\/div>\n","protected":false},"excerpt":{"rendered":"<p>Il s&rsquo;agit d&rsquo;un paquet de dix kits du syst\u00e8me d&rsquo;entra\u00eenement par compression &#8211; une \u00e9conomie de 74,91 $ ! Comprend le syst\u00e8me complet [&hellip;]<\/p>\n","protected":false},"featured_media":14764,"template":"","meta":[],"product_cat":[108],"product_tag":[],"yoast_head":"<!-- This site is optimized with the Yoast SEO Premium plugin v18.6 (Yoast SEO v22.1) - https:\/\/yoast.com\/wordpress\/plugins\/seo\/ -->\n<title>Syst\u00e8me d&#039;entra\u00eenement par compression (paquet de 10) - Trumpet Legacy<\/title>\n<meta name=\"robots\" content=\"index, follow, max-snippet:-1, max-image-preview:large, max-video-preview:-1\" \/>\n<link rel=\"canonical\" href=\"https:\/\/www.trumpetlegacy.com\/fr\/product\/pack-de-10-systemes-de-formation-a-la-compression\/\" \/>\n<meta property=\"og:locale\" content=\"fr_FR\" \/>\n<meta property=\"og:type\" content=\"article\" \/>\n<meta property=\"og:title\" content=\"Syst\u00e8me d&#039;entra\u00eenement par compression (paquet de 10)\" \/>\n<meta property=\"og:description\" content=\"Il s&rsquo;agit d&rsquo;un paquet de dix kits du syst\u00e8me d&rsquo;entra\u00eenement par compression &#8211; une \u00e9conomie de 74,91 $ ! Comprend le syst\u00e8me complet [&hellip;]\" \/>\n<meta property=\"og:url\" content=\"https:\/\/www.trumpetlegacy.com\/fr\/product\/pack-de-10-systemes-de-formation-a-la-compression\/\" \/>\n<meta property=\"og:site_name\" content=\"Trumpet Legacy\" \/>\n<meta property=\"article:publisher\" content=\"https:\/\/www.facebook.com\/larry.meregillano\" \/>\n<meta property=\"article:modified_time\" content=\"2021-04-13T13:41:41+00:00\" \/>\n<meta property=\"og:image\" content=\"https:\/\/www.trumpetlegacy.com\/wp-content\/uploads\/2020\/11\/cts-set-10pack-1.jpg\" \/>\n\t<meta property=\"og:image:width\" content=\"2000\" \/>\n\t<meta property=\"og:image:height\" content=\"2000\" \/>\n\t<meta property=\"og:image:type\" content=\"image\/jpeg\" \/>\n<meta name=\"twitter:card\" content=\"summary_large_image\" \/>\n<script type=\"application\/ld+json\" class=\"yoast-schema-graph\">{\"@context\":\"https:\/\/schema.org\",\"@graph\":[{\"@type\":\"WebPage\",\"@id\":\"https:\/\/www.trumpetlegacy.com\/fr\/product\/pack-de-10-systemes-de-formation-a-la-compression\/\",\"url\":\"https:\/\/www.trumpetlegacy.com\/fr\/product\/pack-de-10-systemes-de-formation-a-la-compression\/\",\"name\":\"Syst\u00e8me d'entra\u00eenement par compression (paquet de 10) - Trumpet Legacy\",\"isPartOf\":{\"@id\":\"https:\/\/www.trumpetlegacy.com\/fr\/#website\"},\"datePublished\":\"2021-03-23T13:49:22+00:00\",\"dateModified\":\"2021-04-13T13:41:41+00:00\",\"breadcrumb\":{\"@id\":\"https:\/\/www.trumpetlegacy.com\/fr\/product\/pack-de-10-systemes-de-formation-a-la-compression\/#breadcrumb\"},\"inLanguage\":\"fr-FR\",\"potentialAction\":[{\"@type\":\"ReadAction\",\"target\":[\"https:\/\/www.trumpetlegacy.com\/fr\/product\/pack-de-10-systemes-de-formation-a-la-compression\/\"]}]},{\"@type\":\"BreadcrumbList\",\"@id\":\"https:\/\/www.trumpetlegacy.com\/fr\/product\/pack-de-10-systemes-de-formation-a-la-compression\/#breadcrumb\",\"itemListElement\":[{\"@type\":\"ListItem\",\"position\":1,\"name\":\"Home\",\"item\":\"https:\/\/www.trumpetlegacy.com\/\"},{\"@type\":\"ListItem\",\"position\":2,\"name\":\"Boutique\",\"item\":\"https:\/\/www.trumpetlegacy.com\/fr\/boutique\/\"},{\"@type\":\"ListItem\",\"position\":3,\"name\":\"Syst\u00e8me d&rsquo;entra\u00eenement par compression (paquet de 10)\"}]},{\"@type\":\"WebSite\",\"@id\":\"https:\/\/www.trumpetlegacy.com\/fr\/#website\",\"url\":\"https:\/\/www.trumpetlegacy.com\/fr\/\",\"name\":\"Trumpet Legacy\",\"description\":\"Trumpet Compression Training System, Books, Clinics, and Private Lessons\",\"publisher\":{\"@id\":\"https:\/\/www.trumpetlegacy.com\/fr\/#organization\"},\"potentialAction\":[{\"@type\":\"SearchAction\",\"target\":{\"@type\":\"EntryPoint\",\"urlTemplate\":\"https:\/\/www.trumpetlegacy.com\/fr\/?s={search_term_string}\"},\"query-input\":\"required name=search_term_string\"}],\"inLanguage\":\"fr-FR\"},{\"@type\":\"Organization\",\"@id\":\"https:\/\/www.trumpetlegacy.com\/fr\/#organization\",\"name\":\"Larry Meregillano \u2013 A Trumpet Legacy LLC\",\"url\":\"https:\/\/www.trumpetlegacy.com\/fr\/\",\"logo\":{\"@type\":\"ImageObject\",\"inLanguage\":\"fr-FR\",\"@id\":\"https:\/\/www.trumpetlegacy.com\/fr\/#\/schema\/logo\/image\/\",\"url\":\"https:\/\/www.trumpetlegacy.com\/wp-content\/uploads\/2021\/04\/Stamp-Logo-BW-300x300-1.png\",\"contentUrl\":\"https:\/\/www.trumpetlegacy.com\/wp-content\/uploads\/2021\/04\/Stamp-Logo-BW-300x300-1.png\",\"width\":300,\"height\":300,\"caption\":\"Larry Meregillano \u2013 A Trumpet Legacy LLC\"},\"image\":{\"@id\":\"https:\/\/www.trumpetlegacy.com\/fr\/#\/schema\/logo\/image\/\"},\"sameAs\":[\"https:\/\/www.facebook.com\/larry.meregillano\",\"https:\/\/www.youtube.com\/user\/LarryMeregillano\"]}]}<\/script>\n<!-- \/ Yoast SEO Premium plugin. -->","yoast_head_json":{"title":"Syst\u00e8me d'entra\u00eenement par compression (paquet de 10) - Trumpet Legacy","robots":{"index":"index","follow":"follow","max-snippet":"max-snippet:-1","max-image-preview":"max-image-preview:large","max-video-preview":"max-video-preview:-1"},"canonical":"https:\/\/www.trumpetlegacy.com\/fr\/product\/pack-de-10-systemes-de-formation-a-la-compression\/","og_locale":"fr_FR","og_type":"article","og_title":"Syst\u00e8me d'entra\u00eenement par compression (paquet de 10)","og_description":"Il s&rsquo;agit d&rsquo;un paquet de dix kits du syst\u00e8me d&rsquo;entra\u00eenement par compression &#8211; une \u00e9conomie de 74,91 $ ! Comprend le syst\u00e8me complet [&hellip;]","og_url":"https:\/\/www.trumpetlegacy.com\/fr\/product\/pack-de-10-systemes-de-formation-a-la-compression\/","og_site_name":"Trumpet Legacy","article_publisher":"https:\/\/www.facebook.com\/larry.meregillano","article_modified_time":"2021-04-13T13:41:41+00:00","og_image":[{"width":2000,"height":2000,"url":"https:\/\/www.trumpetlegacy.com\/wp-content\/uploads\/2020\/11\/cts-set-10pack-1.jpg","type":"image\/jpeg"}],"twitter_card":"summary_large_image","schema":{"@context":"https:\/\/schema.org","@graph":[{"@type":"WebPage","@id":"https:\/\/www.trumpetlegacy.com\/fr\/product\/pack-de-10-systemes-de-formation-a-la-compression\/","url":"https:\/\/www.trumpetlegacy.com\/fr\/product\/pack-de-10-systemes-de-formation-a-la-compression\/","name":"Syst\u00e8me d'entra\u00eenement par compression (paquet de 10) - Trumpet Legacy","isPartOf":{"@id":"https:\/\/www.trumpetlegacy.com\/fr\/#website"},"datePublished":"2021-03-23T13:49:22+00:00","dateModified":"2021-04-13T13:41:41+00:00","breadcrumb":{"@id":"https:\/\/www.trumpetlegacy.com\/fr\/product\/pack-de-10-systemes-de-formation-a-la-compression\/#breadcrumb"},"inLanguage":"fr-FR","potentialAction":[{"@type":"ReadAction","target":["https:\/\/www.trumpetlegacy.com\/fr\/product\/pack-de-10-systemes-de-formation-a-la-compression\/"]}]},{"@type":"BreadcrumbList","@id":"https:\/\/www.trumpetlegacy.com\/fr\/product\/pack-de-10-systemes-de-formation-a-la-compression\/#breadcrumb","itemListElement":[{"@type":"ListItem","position":1,"name":"Home","item":"https:\/\/www.trumpetlegacy.com\/"},{"@type":"ListItem","position":2,"name":"Boutique","item":"https:\/\/www.trumpetlegacy.com\/fr\/boutique\/"},{"@type":"ListItem","position":3,"name":"Syst\u00e8me d&rsquo;entra\u00eenement par compression (paquet de 10)"}]},{"@type":"WebSite","@id":"https:\/\/www.trumpetlegacy.com\/fr\/#website","url":"https:\/\/www.trumpetlegacy.com\/fr\/","name":"Trumpet Legacy","description":"Trumpet Compression Training System, Books, Clinics, and Private Lessons","publisher":{"@id":"https:\/\/www.trumpetlegacy.com\/fr\/#organization"},"potentialAction":[{"@type":"SearchAction","target":{"@type":"EntryPoint","urlTemplate":"https:\/\/www.trumpetlegacy.com\/fr\/?s={search_term_string}"},"query-input":"required name=search_term_string"}],"inLanguage":"fr-FR"},{"@type":"Organization","@id":"https:\/\/www.trumpetlegacy.com\/fr\/#organization","name":"Larry Meregillano \u2013 A Trumpet Legacy LLC","url":"https:\/\/www.trumpetlegacy.com\/fr\/","logo":{"@type":"ImageObject","inLanguage":"fr-FR","@id":"https:\/\/www.trumpetlegacy.com\/fr\/#\/schema\/logo\/image\/","url":"https:\/\/www.trumpetlegacy.com\/wp-content\/uploads\/2021\/04\/Stamp-Logo-BW-300x300-1.png","contentUrl":"https:\/\/www.trumpetlegacy.com\/wp-content\/uploads\/2021\/04\/Stamp-Logo-BW-300x300-1.png","width":300,"height":300,"caption":"Larry Meregillano \u2013 A Trumpet Legacy LLC"},"image":{"@id":"https:\/\/www.trumpetlegacy.com\/fr\/#\/schema\/logo\/image\/"},"sameAs":["https:\/\/www.facebook.com\/larry.meregillano","https:\/\/www.youtube.com\/user\/LarryMeregillano"]}]}},"jetpack_sharing_enabled":true,"_links":{"self":[{"href":"https:\/\/www.trumpetlegacy.com\/fr\/wp-json\/wp\/v2\/product\/5137"}],"collection":[{"href":"https:\/\/www.trumpetlegacy.com\/fr\/wp-json\/wp\/v2\/product"}],"about":[{"href":"https:\/\/www.trumpetlegacy.com\/fr\/wp-json\/wp\/v2\/types\/product"}],"wp:featuredmedia":[{"embeddable":true,"href":"https:\/\/www.trumpetlegacy.com\/fr\/wp-json\/wp\/v2\/media\/14764"}],"wp:attachment":[{"href":"https:\/\/www.trumpetlegacy.com\/fr\/wp-json\/wp\/v2\/media?parent=5137"}],"wp:term":[{"taxonomy":"product_cat","embeddable":true,"href":"https:\/\/www.trumpetlegacy.com\/fr\/wp-json\/wp\/v2\/product_cat?post=5137"},{"taxonomy":"product_tag","embeddable":true,"href":"https:\/\/www.trumpetlegacy.com\/fr\/wp-json\/wp\/v2\/product_tag?post=5137"}],"curies":[{"name":"wp","href":"https:\/\/api.w.org\/{rel}","templated":true}]}}