{"id":5279,"date":"2021-02-04T13:06:58","date_gmt":"2021-03-23T13:50:43","guid":{"rendered":"https:\/\/trumpetlegacy.com\/shop\/t-shirt-unisexe-a-manches-courtes-trompette\/"},"modified":"2021-03-23T06:50:54","modified_gmt":"2021-03-23T13:50:54","slug":"color-trumpet-short-sleeve-unisex-t-shirt","status":"publish","type":"product","link":"https:\/\/www.trumpetlegacy.com\/fr\/product\/color-trumpet-short-sleeve-unisex-t-shirt\/","title":{"rendered":"T-shirt unisexe \u00e0 manches courtes Trompette"},"content":{"rendered":"<p>Vous avez maintenant trouv\u00e9 le t-shirt de base de votre garde-robe. Il est fait d&rsquo;un coton plus \u00e9pais et plus lourd, mais il est toujours doux et confortable. Et les doubles coutures sur l&rsquo;encolure et les manches ajoutent encore plus de durabilit\u00e9 \u00e0 ce qui sera certainement un favori !  <br \/>\n&#8211; 100% coton ring-spun<br \/>\n&#8211; Gris sport : 90 % de coton fil\u00e9 \u00e0 l&rsquo;anneau et 10 % de polyester.<br \/>\n&#8211; La bruy\u00e8re fonc\u00e9e est compos\u00e9e de 65 % de polyester et de 35 % de coton.<br \/>\n&#8211; 4,5 oz\/y\u00b2 (153 g\/m\u00b2)<br \/>\n&#8211; Pr\u00e9-r\u00e9tr\u00e9ci<br \/>\n&#8211; Taping \u00e9paule contre \u00e9paule<br \/>\n&#8211; Quart de tour pour \u00e9viter les plis au centre.<\/p>\n","protected":false},"excerpt":{"rendered":"<p>Vous avez maintenant trouv\u00e9 le t-shirt de base de votre garde-robe. Il est fait d&rsquo;un coton plus \u00e9pais et plus lourd, mais il [&hellip;]<\/p>\n","protected":false},"featured_media":5281,"template":"","meta":[],"product_cat":[109],"product_tag":[],"yoast_head":"<!-- This site is optimized with the Yoast SEO Premium plugin v18.6 (Yoast SEO v22.1) - https:\/\/yoast.com\/wordpress\/plugins\/seo\/ -->\n<title>T-shirt unisexe \u00e0 manches courtes Trompette - Trumpet Legacy<\/title>\n<meta name=\"robots\" content=\"index, follow, max-snippet:-1, max-image-preview:large, max-video-preview:-1\" \/>\n<link rel=\"canonical\" href=\"https:\/\/www.trumpetlegacy.com\/fr\/product\/color-trumpet-short-sleeve-unisex-t-shirt\/\" \/>\n<meta property=\"og:locale\" content=\"fr_FR\" \/>\n<meta property=\"og:type\" content=\"article\" \/>\n<meta property=\"og:title\" content=\"T-shirt unisexe \u00e0 manches courtes Trompette\" \/>\n<meta property=\"og:description\" content=\"Vous avez maintenant trouv\u00e9 le t-shirt de base de votre garde-robe. Il est fait d&rsquo;un coton plus \u00e9pais et plus lourd, mais il [&hellip;]\" \/>\n<meta property=\"og:url\" content=\"https:\/\/www.trumpetlegacy.com\/fr\/product\/color-trumpet-short-sleeve-unisex-t-shirt\/\" \/>\n<meta property=\"og:site_name\" content=\"Trumpet Legacy\" \/>\n<meta property=\"article:publisher\" content=\"https:\/\/www.facebook.com\/larry.meregillano\" \/>\n<meta property=\"article:modified_time\" content=\"2021-03-23T13:50:54+00:00\" \/>\n<meta property=\"og:image\" content=\"https:\/\/www.trumpetlegacy.com\/wp-content\/uploads\/2021\/02\/unisex-basic-softstyle-t-shirt-black-front-601c61ee1e95e.png\" \/>\n\t<meta property=\"og:image:width\" content=\"1000\" \/>\n\t<meta property=\"og:image:height\" content=\"1000\" \/>\n\t<meta property=\"og:image:type\" content=\"image\/png\" \/>\n<meta name=\"twitter:card\" content=\"summary_large_image\" \/>\n<meta name=\"twitter:label1\" content=\"Dur\u00e9e de lecture estim\u00e9e\" \/>\n\t<meta name=\"twitter:data1\" content=\"1 minute\" \/>\n<script type=\"application\/ld+json\" class=\"yoast-schema-graph\">{\"@context\":\"https:\/\/schema.org\",\"@graph\":[{\"@type\":\"WebPage\",\"@id\":\"https:\/\/www.trumpetlegacy.com\/fr\/product\/color-trumpet-short-sleeve-unisex-t-shirt\/\",\"url\":\"https:\/\/www.trumpetlegacy.com\/fr\/product\/color-trumpet-short-sleeve-unisex-t-shirt\/\",\"name\":\"T-shirt unisexe \u00e0 manches courtes Trompette - Trumpet Legacy\",\"isPartOf\":{\"@id\":\"https:\/\/www.trumpetlegacy.com\/fr\/#website\"},\"datePublished\":\"2021-03-23T13:50:43+00:00\",\"dateModified\":\"2021-03-23T13:50:54+00:00\",\"breadcrumb\":{\"@id\":\"https:\/\/www.trumpetlegacy.com\/fr\/product\/color-trumpet-short-sleeve-unisex-t-shirt\/#breadcrumb\"},\"inLanguage\":\"fr-FR\",\"potentialAction\":[{\"@type\":\"ReadAction\",\"target\":[\"https:\/\/www.trumpetlegacy.com\/fr\/product\/color-trumpet-short-sleeve-unisex-t-shirt\/\"]}]},{\"@type\":\"BreadcrumbList\",\"@id\":\"https:\/\/www.trumpetlegacy.com\/fr\/product\/color-trumpet-short-sleeve-unisex-t-shirt\/#breadcrumb\",\"itemListElement\":[{\"@type\":\"ListItem\",\"position\":1,\"name\":\"Home\",\"item\":\"https:\/\/www.trumpetlegacy.com\/\"},{\"@type\":\"ListItem\",\"position\":2,\"name\":\"Boutique\",\"item\":\"https:\/\/www.trumpetlegacy.com\/fr\/boutique\/\"},{\"@type\":\"ListItem\",\"position\":3,\"name\":\"T-shirt unisexe \u00e0 manches courtes Trompette\"}]},{\"@type\":\"WebSite\",\"@id\":\"https:\/\/www.trumpetlegacy.com\/fr\/#website\",\"url\":\"https:\/\/www.trumpetlegacy.com\/fr\/\",\"name\":\"Trumpet Legacy\",\"description\":\"Trumpet Compression Training System, Books, Clinics, and Private Lessons\",\"publisher\":{\"@id\":\"https:\/\/www.trumpetlegacy.com\/fr\/#organization\"},\"potentialAction\":[{\"@type\":\"SearchAction\",\"target\":{\"@type\":\"EntryPoint\",\"urlTemplate\":\"https:\/\/www.trumpetlegacy.com\/fr\/?s={search_term_string}\"},\"query-input\":\"required name=search_term_string\"}],\"inLanguage\":\"fr-FR\"},{\"@type\":\"Organization\",\"@id\":\"https:\/\/www.trumpetlegacy.com\/fr\/#organization\",\"name\":\"Larry Meregillano \u2013 A Trumpet Legacy LLC\",\"url\":\"https:\/\/www.trumpetlegacy.com\/fr\/\",\"logo\":{\"@type\":\"ImageObject\",\"inLanguage\":\"fr-FR\",\"@id\":\"https:\/\/www.trumpetlegacy.com\/fr\/#\/schema\/logo\/image\/\",\"url\":\"https:\/\/www.trumpetlegacy.com\/wp-content\/uploads\/2021\/04\/Stamp-Logo-BW-300x300-1.png\",\"contentUrl\":\"https:\/\/www.trumpetlegacy.com\/wp-content\/uploads\/2021\/04\/Stamp-Logo-BW-300x300-1.png\",\"width\":300,\"height\":300,\"caption\":\"Larry Meregillano \u2013 A Trumpet Legacy LLC\"},\"image\":{\"@id\":\"https:\/\/www.trumpetlegacy.com\/fr\/#\/schema\/logo\/image\/\"},\"sameAs\":[\"https:\/\/www.facebook.com\/larry.meregillano\",\"https:\/\/www.youtube.com\/user\/LarryMeregillano\"]}]}<\/script>\n<!-- \/ Yoast SEO Premium plugin. -->","yoast_head_json":{"title":"T-shirt unisexe \u00e0 manches courtes Trompette - Trumpet Legacy","robots":{"index":"index","follow":"follow","max-snippet":"max-snippet:-1","max-image-preview":"max-image-preview:large","max-video-preview":"max-video-preview:-1"},"canonical":"https:\/\/www.trumpetlegacy.com\/fr\/product\/color-trumpet-short-sleeve-unisex-t-shirt\/","og_locale":"fr_FR","og_type":"article","og_title":"T-shirt unisexe \u00e0 manches courtes Trompette","og_description":"Vous avez maintenant trouv\u00e9 le t-shirt de base de votre garde-robe. Il est fait d&rsquo;un coton plus \u00e9pais et plus lourd, mais il [&hellip;]","og_url":"https:\/\/www.trumpetlegacy.com\/fr\/product\/color-trumpet-short-sleeve-unisex-t-shirt\/","og_site_name":"Trumpet Legacy","article_publisher":"https:\/\/www.facebook.com\/larry.meregillano","article_modified_time":"2021-03-23T13:50:54+00:00","og_image":[{"width":1000,"height":1000,"url":"https:\/\/www.trumpetlegacy.com\/wp-content\/uploads\/2021\/02\/unisex-basic-softstyle-t-shirt-black-front-601c61ee1e95e.png","type":"image\/png"}],"twitter_card":"summary_large_image","twitter_misc":{"Dur\u00e9e de lecture estim\u00e9e":"1 minute"},"schema":{"@context":"https:\/\/schema.org","@graph":[{"@type":"WebPage","@id":"https:\/\/www.trumpetlegacy.com\/fr\/product\/color-trumpet-short-sleeve-unisex-t-shirt\/","url":"https:\/\/www.trumpetlegacy.com\/fr\/product\/color-trumpet-short-sleeve-unisex-t-shirt\/","name":"T-shirt unisexe \u00e0 manches courtes Trompette - Trumpet Legacy","isPartOf":{"@id":"https:\/\/www.trumpetlegacy.com\/fr\/#website"},"datePublished":"2021-03-23T13:50:43+00:00","dateModified":"2021-03-23T13:50:54+00:00","breadcrumb":{"@id":"https:\/\/www.trumpetlegacy.com\/fr\/product\/color-trumpet-short-sleeve-unisex-t-shirt\/#breadcrumb"},"inLanguage":"fr-FR","potentialAction":[{"@type":"ReadAction","target":["https:\/\/www.trumpetlegacy.com\/fr\/product\/color-trumpet-short-sleeve-unisex-t-shirt\/"]}]},{"@type":"BreadcrumbList","@id":"https:\/\/www.trumpetlegacy.com\/fr\/product\/color-trumpet-short-sleeve-unisex-t-shirt\/#breadcrumb","itemListElement":[{"@type":"ListItem","position":1,"name":"Home","item":"https:\/\/www.trumpetlegacy.com\/"},{"@type":"ListItem","position":2,"name":"Boutique","item":"https:\/\/www.trumpetlegacy.com\/fr\/boutique\/"},{"@type":"ListItem","position":3,"name":"T-shirt unisexe \u00e0 manches courtes Trompette"}]},{"@type":"WebSite","@id":"https:\/\/www.trumpetlegacy.com\/fr\/#website","url":"https:\/\/www.trumpetlegacy.com\/fr\/","name":"Trumpet Legacy","description":"Trumpet Compression Training System, Books, Clinics, and Private Lessons","publisher":{"@id":"https:\/\/www.trumpetlegacy.com\/fr\/#organization"},"potentialAction":[{"@type":"SearchAction","target":{"@type":"EntryPoint","urlTemplate":"https:\/\/www.trumpetlegacy.com\/fr\/?s={search_term_string}"},"query-input":"required name=search_term_string"}],"inLanguage":"fr-FR"},{"@type":"Organization","@id":"https:\/\/www.trumpetlegacy.com\/fr\/#organization","name":"Larry Meregillano \u2013 A Trumpet Legacy LLC","url":"https:\/\/www.trumpetlegacy.com\/fr\/","logo":{"@type":"ImageObject","inLanguage":"fr-FR","@id":"https:\/\/www.trumpetlegacy.com\/fr\/#\/schema\/logo\/image\/","url":"https:\/\/www.trumpetlegacy.com\/wp-content\/uploads\/2021\/04\/Stamp-Logo-BW-300x300-1.png","contentUrl":"https:\/\/www.trumpetlegacy.com\/wp-content\/uploads\/2021\/04\/Stamp-Logo-BW-300x300-1.png","width":300,"height":300,"caption":"Larry Meregillano \u2013 A Trumpet Legacy LLC"},"image":{"@id":"https:\/\/www.trumpetlegacy.com\/fr\/#\/schema\/logo\/image\/"},"sameAs":["https:\/\/www.facebook.com\/larry.meregillano","https:\/\/www.youtube.com\/user\/LarryMeregillano"]}]}},"jetpack_sharing_enabled":true,"_links":{"self":[{"href":"https:\/\/www.trumpetlegacy.com\/fr\/wp-json\/wp\/v2\/product\/5279"}],"collection":[{"href":"https:\/\/www.trumpetlegacy.com\/fr\/wp-json\/wp\/v2\/product"}],"about":[{"href":"https:\/\/www.trumpetlegacy.com\/fr\/wp-json\/wp\/v2\/types\/product"}],"wp:featuredmedia":[{"embeddable":true,"href":"https:\/\/www.trumpetlegacy.com\/fr\/wp-json\/wp\/v2\/media\/5281"}],"wp:attachment":[{"href":"https:\/\/www.trumpetlegacy.com\/fr\/wp-json\/wp\/v2\/media?parent=5279"}],"wp:term":[{"taxonomy":"product_cat","embeddable":true,"href":"https:\/\/www.trumpetlegacy.com\/fr\/wp-json\/wp\/v2\/product_cat?post=5279"},{"taxonomy":"product_tag","embeddable":true,"href":"https:\/\/www.trumpetlegacy.com\/fr\/wp-json\/wp\/v2\/product_tag?post=5279"}],"curies":[{"name":"wp","href":"https:\/\/api.w.org\/{rel}","templated":true}]}}