{"id":5280,"date":"2021-02-04T13:01:59","date_gmt":"2021-03-23T13:50:44","guid":{"rendered":"https:\/\/trumpetlegacy.com\/shop\/masque-facial-trompette-premium\/"},"modified":"2021-03-23T06:50:46","modified_gmt":"2021-03-23T13:50:46","slug":"masque-facial-trompette-premium","status":"publish","type":"product","link":"https:\/\/www.trumpetlegacy.com\/fr\/product\/masque-facial-trompette-premium\/","title":{"rendered":"Masque facial Trompette Premium"},"content":{"rendered":"<p>Ce masque facial r\u00e9utilisable s&rsquo;adaptera parfaitement \u00e0 vous gr\u00e2ce \u00e0 son fil de nez r\u00e9glable et \u00e0 ses bandes \u00e9lastiques. Choisissez un mod\u00e8le qui compl\u00e9tera votre style, car les masques faciaux deviennent la nouvelle tendance.  <\/p>\n<p>  &#8211; 100 % microfibre de polyester tr\u00e8s souple  <br \/>\n  &#8211; Poids du tissu : 2,4-2,5 oz\/yd\u00b2 (80-85 g\/m\u00b2)<br \/>\n  &#8211; Fil de nez qui permet d&rsquo;ajuster le masque<br \/>\n  &#8211; Bandes \u00e9lastiques avec r\u00e9gulateurs de taille des boucles d&rsquo;oreille en PVC<br \/>\n  &#8211; Poche pour un filtre ou une serviette<br \/>\n  &#8211; Lavable et r\u00e9utilisable<\/p>\n","protected":false},"excerpt":{"rendered":"<p>Ce masque facial r\u00e9utilisable s&rsquo;adaptera parfaitement \u00e0 vous gr\u00e2ce \u00e0 son fil de nez r\u00e9glable et \u00e0 ses bandes \u00e9lastiques. Choisissez un mod\u00e8le [&hellip;]<\/p>\n","protected":false},"featured_media":5287,"template":"","meta":[],"product_cat":[109],"product_tag":[],"yoast_head":"<!-- This site is optimized with the Yoast SEO Premium plugin v18.6 (Yoast SEO v22.1) - https:\/\/yoast.com\/wordpress\/plugins\/seo\/ -->\n<title>Masque facial Trompette Premium - Trumpet Legacy<\/title>\n<meta name=\"robots\" content=\"index, follow, max-snippet:-1, max-image-preview:large, max-video-preview:-1\" \/>\n<link rel=\"canonical\" href=\"https:\/\/www.trumpetlegacy.com\/fr\/product\/masque-facial-trompette-premium\/\" \/>\n<meta property=\"og:locale\" content=\"fr_FR\" \/>\n<meta property=\"og:type\" content=\"article\" \/>\n<meta property=\"og:title\" content=\"Masque facial Trompette Premium\" \/>\n<meta property=\"og:description\" content=\"Ce masque facial r\u00e9utilisable s&rsquo;adaptera parfaitement \u00e0 vous gr\u00e2ce \u00e0 son fil de nez r\u00e9glable et \u00e0 ses bandes \u00e9lastiques. Choisissez un mod\u00e8le [&hellip;]\" \/>\n<meta property=\"og:url\" content=\"https:\/\/www.trumpetlegacy.com\/fr\/product\/masque-facial-trompette-premium\/\" \/>\n<meta property=\"og:site_name\" content=\"Trumpet Legacy\" \/>\n<meta property=\"article:publisher\" content=\"https:\/\/www.facebook.com\/larry.meregillano\" \/>\n<meta property=\"article:modified_time\" content=\"2021-03-23T13:50:46+00:00\" \/>\n<meta property=\"og:image\" content=\"https:\/\/www.trumpetlegacy.com\/wp-content\/uploads\/2021\/02\/all-over-print-premium-face-mask-black-front-601c60c45fde6.png\" \/>\n\t<meta property=\"og:image:width\" content=\"1000\" \/>\n\t<meta property=\"og:image:height\" content=\"1000\" \/>\n\t<meta property=\"og:image:type\" content=\"image\/png\" \/>\n<meta name=\"twitter:card\" content=\"summary_large_image\" \/>\n<script type=\"application\/ld+json\" class=\"yoast-schema-graph\">{\"@context\":\"https:\/\/schema.org\",\"@graph\":[{\"@type\":\"WebPage\",\"@id\":\"https:\/\/www.trumpetlegacy.com\/fr\/product\/masque-facial-trompette-premium\/\",\"url\":\"https:\/\/www.trumpetlegacy.com\/fr\/product\/masque-facial-trompette-premium\/\",\"name\":\"Masque facial Trompette Premium - Trumpet Legacy\",\"isPartOf\":{\"@id\":\"https:\/\/www.trumpetlegacy.com\/fr\/#website\"},\"datePublished\":\"2021-03-23T13:50:44+00:00\",\"dateModified\":\"2021-03-23T13:50:46+00:00\",\"breadcrumb\":{\"@id\":\"https:\/\/www.trumpetlegacy.com\/fr\/product\/masque-facial-trompette-premium\/#breadcrumb\"},\"inLanguage\":\"fr-FR\",\"potentialAction\":[{\"@type\":\"ReadAction\",\"target\":[\"https:\/\/www.trumpetlegacy.com\/fr\/product\/masque-facial-trompette-premium\/\"]}]},{\"@type\":\"BreadcrumbList\",\"@id\":\"https:\/\/www.trumpetlegacy.com\/fr\/product\/masque-facial-trompette-premium\/#breadcrumb\",\"itemListElement\":[{\"@type\":\"ListItem\",\"position\":1,\"name\":\"Home\",\"item\":\"https:\/\/www.trumpetlegacy.com\/\"},{\"@type\":\"ListItem\",\"position\":2,\"name\":\"Boutique\",\"item\":\"https:\/\/www.trumpetlegacy.com\/fr\/boutique\/\"},{\"@type\":\"ListItem\",\"position\":3,\"name\":\"Masque facial Trompette Premium\"}]},{\"@type\":\"WebSite\",\"@id\":\"https:\/\/www.trumpetlegacy.com\/fr\/#website\",\"url\":\"https:\/\/www.trumpetlegacy.com\/fr\/\",\"name\":\"Trumpet Legacy\",\"description\":\"Trumpet Compression Training System, Books, Clinics, and Private Lessons\",\"publisher\":{\"@id\":\"https:\/\/www.trumpetlegacy.com\/fr\/#organization\"},\"potentialAction\":[{\"@type\":\"SearchAction\",\"target\":{\"@type\":\"EntryPoint\",\"urlTemplate\":\"https:\/\/www.trumpetlegacy.com\/fr\/?s={search_term_string}\"},\"query-input\":\"required name=search_term_string\"}],\"inLanguage\":\"fr-FR\"},{\"@type\":\"Organization\",\"@id\":\"https:\/\/www.trumpetlegacy.com\/fr\/#organization\",\"name\":\"Larry Meregillano \u2013 A Trumpet Legacy LLC\",\"url\":\"https:\/\/www.trumpetlegacy.com\/fr\/\",\"logo\":{\"@type\":\"ImageObject\",\"inLanguage\":\"fr-FR\",\"@id\":\"https:\/\/www.trumpetlegacy.com\/fr\/#\/schema\/logo\/image\/\",\"url\":\"https:\/\/www.trumpetlegacy.com\/wp-content\/uploads\/2021\/04\/Stamp-Logo-BW-300x300-1.png\",\"contentUrl\":\"https:\/\/www.trumpetlegacy.com\/wp-content\/uploads\/2021\/04\/Stamp-Logo-BW-300x300-1.png\",\"width\":300,\"height\":300,\"caption\":\"Larry Meregillano \u2013 A Trumpet Legacy LLC\"},\"image\":{\"@id\":\"https:\/\/www.trumpetlegacy.com\/fr\/#\/schema\/logo\/image\/\"},\"sameAs\":[\"https:\/\/www.facebook.com\/larry.meregillano\",\"https:\/\/www.youtube.com\/user\/LarryMeregillano\"]}]}<\/script>\n<!-- \/ Yoast SEO Premium plugin. -->","yoast_head_json":{"title":"Masque facial Trompette Premium - Trumpet Legacy","robots":{"index":"index","follow":"follow","max-snippet":"max-snippet:-1","max-image-preview":"max-image-preview:large","max-video-preview":"max-video-preview:-1"},"canonical":"https:\/\/www.trumpetlegacy.com\/fr\/product\/masque-facial-trompette-premium\/","og_locale":"fr_FR","og_type":"article","og_title":"Masque facial Trompette Premium","og_description":"Ce masque facial r\u00e9utilisable s&rsquo;adaptera parfaitement \u00e0 vous gr\u00e2ce \u00e0 son fil de nez r\u00e9glable et \u00e0 ses bandes \u00e9lastiques. Choisissez un mod\u00e8le [&hellip;]","og_url":"https:\/\/www.trumpetlegacy.com\/fr\/product\/masque-facial-trompette-premium\/","og_site_name":"Trumpet Legacy","article_publisher":"https:\/\/www.facebook.com\/larry.meregillano","article_modified_time":"2021-03-23T13:50:46+00:00","og_image":[{"width":1000,"height":1000,"url":"https:\/\/www.trumpetlegacy.com\/wp-content\/uploads\/2021\/02\/all-over-print-premium-face-mask-black-front-601c60c45fde6.png","type":"image\/png"}],"twitter_card":"summary_large_image","schema":{"@context":"https:\/\/schema.org","@graph":[{"@type":"WebPage","@id":"https:\/\/www.trumpetlegacy.com\/fr\/product\/masque-facial-trompette-premium\/","url":"https:\/\/www.trumpetlegacy.com\/fr\/product\/masque-facial-trompette-premium\/","name":"Masque facial Trompette Premium - Trumpet Legacy","isPartOf":{"@id":"https:\/\/www.trumpetlegacy.com\/fr\/#website"},"datePublished":"2021-03-23T13:50:44+00:00","dateModified":"2021-03-23T13:50:46+00:00","breadcrumb":{"@id":"https:\/\/www.trumpetlegacy.com\/fr\/product\/masque-facial-trompette-premium\/#breadcrumb"},"inLanguage":"fr-FR","potentialAction":[{"@type":"ReadAction","target":["https:\/\/www.trumpetlegacy.com\/fr\/product\/masque-facial-trompette-premium\/"]}]},{"@type":"BreadcrumbList","@id":"https:\/\/www.trumpetlegacy.com\/fr\/product\/masque-facial-trompette-premium\/#breadcrumb","itemListElement":[{"@type":"ListItem","position":1,"name":"Home","item":"https:\/\/www.trumpetlegacy.com\/"},{"@type":"ListItem","position":2,"name":"Boutique","item":"https:\/\/www.trumpetlegacy.com\/fr\/boutique\/"},{"@type":"ListItem","position":3,"name":"Masque facial Trompette Premium"}]},{"@type":"WebSite","@id":"https:\/\/www.trumpetlegacy.com\/fr\/#website","url":"https:\/\/www.trumpetlegacy.com\/fr\/","name":"Trumpet Legacy","description":"Trumpet Compression Training System, Books, Clinics, and Private Lessons","publisher":{"@id":"https:\/\/www.trumpetlegacy.com\/fr\/#organization"},"potentialAction":[{"@type":"SearchAction","target":{"@type":"EntryPoint","urlTemplate":"https:\/\/www.trumpetlegacy.com\/fr\/?s={search_term_string}"},"query-input":"required name=search_term_string"}],"inLanguage":"fr-FR"},{"@type":"Organization","@id":"https:\/\/www.trumpetlegacy.com\/fr\/#organization","name":"Larry Meregillano \u2013 A Trumpet Legacy LLC","url":"https:\/\/www.trumpetlegacy.com\/fr\/","logo":{"@type":"ImageObject","inLanguage":"fr-FR","@id":"https:\/\/www.trumpetlegacy.com\/fr\/#\/schema\/logo\/image\/","url":"https:\/\/www.trumpetlegacy.com\/wp-content\/uploads\/2021\/04\/Stamp-Logo-BW-300x300-1.png","contentUrl":"https:\/\/www.trumpetlegacy.com\/wp-content\/uploads\/2021\/04\/Stamp-Logo-BW-300x300-1.png","width":300,"height":300,"caption":"Larry Meregillano \u2013 A Trumpet Legacy LLC"},"image":{"@id":"https:\/\/www.trumpetlegacy.com\/fr\/#\/schema\/logo\/image\/"},"sameAs":["https:\/\/www.facebook.com\/larry.meregillano","https:\/\/www.youtube.com\/user\/LarryMeregillano"]}]}},"jetpack_sharing_enabled":true,"_links":{"self":[{"href":"https:\/\/www.trumpetlegacy.com\/fr\/wp-json\/wp\/v2\/product\/5280"}],"collection":[{"href":"https:\/\/www.trumpetlegacy.com\/fr\/wp-json\/wp\/v2\/product"}],"about":[{"href":"https:\/\/www.trumpetlegacy.com\/fr\/wp-json\/wp\/v2\/types\/product"}],"wp:featuredmedia":[{"embeddable":true,"href":"https:\/\/www.trumpetlegacy.com\/fr\/wp-json\/wp\/v2\/media\/5287"}],"wp:attachment":[{"href":"https:\/\/www.trumpetlegacy.com\/fr\/wp-json\/wp\/v2\/media?parent=5280"}],"wp:term":[{"taxonomy":"product_cat","embeddable":true,"href":"https:\/\/www.trumpetlegacy.com\/fr\/wp-json\/wp\/v2\/product_cat?post=5280"},{"taxonomy":"product_tag","embeddable":true,"href":"https:\/\/www.trumpetlegacy.com\/fr\/wp-json\/wp\/v2\/product_tag?post=5280"}],"curies":[{"name":"wp","href":"https:\/\/api.w.org\/{rel}","templated":true}]}}